{"id":375,"date":"2021-03-24T15:41:53","date_gmt":"2021-03-24T15:41:53","guid":{"rendered":"http:\/\/foldfem.hu\/?page_id=375"},"modified":"2021-03-24T21:06:40","modified_gmt":"2021-03-24T21:06:40","slug":"bemutatkozas","status":"publish","type":"page","link":"http:\/\/foldfem.hu\/hu\/bemutatkozas\/","title":{"rendered":"Bemutatkoz\u00e1s"},"content":{"rendered":"\t\t<div data-elementor-type=\"wp-page\" data-elementor-id=\"375\" class=\"elementor elementor-375\" data-elementor-post-type=\"page\">\n\t\t\t\t\t\t<section class=\"elementor-section elementor-top-section elementor-element elementor-element-b5fc04e elementor-section-boxed elementor-section-height-default elementor-section-height-default\" data-id=\"b5fc04e\" data-element_type=\"section\" data-settings=\"{&quot;background_background&quot;:&quot;classic&quot;}\">\n\t\t\t\t\t\t<div class=\"elementor-container elementor-column-gap-default\">\n\t\t\t\t\t<div class=\"elementor-column elementor-col-100 elementor-top-column elementor-element elementor-element-6b86937\" data-id=\"6b86937\" data-element_type=\"column\">\n\t\t\t<div class=\"elementor-widget-wrap elementor-element-populated\">\n\t\t\t\t\t\t<div class=\"elementor-element elementor-element-4762703 elementor-widget elementor-widget-heading\" data-id=\"4762703\" data-element_type=\"widget\" data-widget_type=\"heading.default\">\n\t\t\t\t<div class=\"elementor-widget-container\">\n\t\t\t\t\t<h1 class=\"elementor-heading-title elementor-size-default\">Bemutatkoz\u00e1s<\/h1>\t\t\t\t<\/div>\n\t\t\t\t<\/div>\n\t\t\t\t\t<\/div>\n\t\t<\/div>\n\t\t\t\t\t<\/div>\n\t\t<\/section>\n\t\t\t\t<section class=\"elementor-section elementor-top-section elementor-element elementor-element-571ccda elementor-section-boxed elementor-section-height-default elementor-section-height-default\" data-id=\"571ccda\" data-element_type=\"section\">\n\t\t\t\t\t\t<div class=\"elementor-container elementor-column-gap-default\">\n\t\t\t\t\t<div class=\"elementor-column elementor-col-100 elementor-top-column elementor-element elementor-element-3b95aff\" data-id=\"3b95aff\" data-element_type=\"column\">\n\t\t\t<div class=\"elementor-widget-wrap elementor-element-populated\">\n\t\t\t\t\t\t<div class=\"elementor-element elementor-element-918ff20 elementor-widget elementor-widget-heading\" data-id=\"918ff20\" data-element_type=\"widget\" data-widget_type=\"heading.default\">\n\t\t\t\t<div class=\"elementor-widget-container\">\n\t\t\t\t\t<h2 class=\"elementor-heading-title elementor-size-default\">R\u00f3lunk<\/h2>\t\t\t\t<\/div>\n\t\t\t\t<\/div>\n\t\t\t\t<div class=\"elementor-element elementor-element-4c5e88b elementor-widget elementor-widget-text-editor\" data-id=\"4c5e88b\" data-element_type=\"widget\" data-widget_type=\"text-editor.default\">\n\t\t\t\t<div class=\"elementor-widget-container\">\n\t\t\t\t\t\t\t\t\t<p>\u00dcdv\u00f6z\u00f6lj\u00fck a F\u00d6LDF\u00c9M G\u00e9pgy\u00e1rt\u00f3 \u00e9s Jav\u00edt\u00f3 Kft honlapj\u00e1n!<\/p><p>T\u00e1rsas\u00e1gunk 1989-ben alakult, a f\u0151 tev\u00e9kenys\u00e9gi k\u00f6r ekkor ac\u00e9lszerkezetek tervez\u00e9se \u00e9s gy\u00e1rt\u00e1sa volt, mely 1992-t\u0151l kieg\u00e9sz\u00fclt a potenci\u00e1lisan robban\u00e1svesz\u00e9lyes k\u00f6rnyezetben alkalmazhat\u00f3 biztons\u00e1gi szerelv\u00e9nyek fejleszt\u00e9s\u00e9vel, gy\u00e1rt\u00e1s\u00e1val \u00e9s kereskedelm\u00e9vel.<\/p><p>A 2000-es \u00e9vek elej\u00e9t\u0151l a tev\u00e9kenys\u00e9gi k\u00f6r tov\u00e1bb b\u0151v\u00fclt ipari ingatlanok hasznos\u00edt\u00e1s\u00e1val a rendelkez\u00e9sre \u00e1ll\u00f3 kb. 5ha vecs\u00e9si \u00e9s a kb. 4ha pilisi ipari ter\u00fcletek fejleszt\u00e9seinek valamint a megn\u00f6vekv\u0151 piaci ig\u00e9nyek hat\u00e1s\u00e1ra. T\u00e1rsas\u00e1gunk alap\u00edt\u00f3i \u00e9s tulajdonosai 100%-ban magyar mag\u00e1nszem\u00e9lyek.<\/p><p>F\u0151 tev\u00e9kenys\u00e9g\u00fcnk egyedi, kis \u00e9s nagy sorozatban gy\u00e1rtand\u00f3 alkatr\u00e9szek, ac\u00e9lszerkezetek, g\u00e9pipari berendez\u00e9sek, valamint t\u0171z-\u00e9s robban\u00e1svesz\u00e9lyes k\u00f6rnyezetben alkalmazott biztons\u00e1gi szerelv\u00e9nyek tervez\u00e9se, gy\u00e1rt\u00e1sa \u00e9s \u00e9rt\u00e9kes\u00edt\u00e9se.<\/p><p>Term\u00e9keink min\u0151s\u00e9gi megfelel\u0151s\u00e9g\u00e9t az ISO 9001:2015 szerinti min\u0151s\u00e9gir\u00e1ny\u00edt\u00e1si rendszer m\u0171k\u00f6dtet\u00e9se garant\u00e1lja, melyet 1997-t\u0151l folyamatosan m\u0171k\u00f6dtet\u00fcnk. T\u00e1rsas\u00e1gunk \u00e1ltal a potenci\u00e1lisan robban\u00f3k\u00e9pes k\u00f6rnyezetben alkalmazott szerelv\u00e9nyek fejleszt\u00e9s\u00e9t \u00e9s gy\u00e1rt\u00e1s\u00e1t a miniszt\u00e9rium \u00e1ltal kijel\u00f6lt ExV\u00c1 Vizsg\u00e1l\u00f3 \u00e9s Tan\u00fas\u00edt\u00f3 Kft. ellen\u0151rzi a 2014\/34\/EU direkt\u00edva E-modul szerinti \u201eterm\u00e9k min\u0151s\u00e9gbiztos\u00edt\u00e1s\u00e1n alapul\u00f3 t\u00edpusmegfelel\u0151s\u00e9g \u00e9rt\u00e9kel\u00e9si elj\u00e1r\u00e1s\u201d keret\u00e9ben.<\/p><p>T\u00f6reksz\u00fcnk mind m\u0171szakilag, mind min\u0151s\u00e9gileg a lehet\u0151 legmagasabb sz\u00ednvonalon v\u00e9gezni munk\u00e1nkat a vonatkoz\u00f3 m\u0171szaki, munkav\u00e9delmi valamint eg\u00e9szs\u00e9g\u00fcgyi k\u00f6vetelm\u00e9nyeknek, jogszab\u00e1lyoknak szem el\u0151tt tart\u00e1s\u00e1val.<\/p><p>Megrendel\u0151ink mindenkori ig\u00e9nyeinek biztos\u00edt\u00e1s\u00e1hoz nagyban hozz\u00e1j\u00e1rul j\u00f3l k\u00e9pzett koll\u00e9g\u00e1ink t\u00f6bb \u00e9vtizedes tervez\u0151i, m\u0171szaki \u00e9s gy\u00e1rt\u00f3i tapasztalata, valamint \u00fczem\u00fcnkben alkalmazott korszer\u0171 technol\u00f3gi\u00e1k \u00e9s berendez\u00e9sek haszn\u00e1lata.<\/p><p>Legyen sz\u00f3 sz\u00e9nac\u00e9l, alum\u00ednium, rozsdamentes-, sav\u00e1ll\u00f3-, de ak\u00e1r k\u00fcl\u00f6nleges anyagmin\u0151s\u00e9g\u0171 ac\u00e9lok megmunk\u00e1l\u00e1s\u00e1r\u00f3l, ac\u00e9lszerkezetek, g\u00e9pipari berendez\u00e9sek tervez\u00e9s\u00e9r\u0151l \u00e9s gy\u00e1rt\u00e1sr\u00f3l, k\u00e9szs\u00e9ggel \u00e1llunk megrendel\u0151ink szolg\u00e1lat\u00e1ra.<\/p>\t\t\t\t\t\t\t\t<\/div>\n\t\t\t\t<\/div>\n\t\t\t\t\t<\/div>\n\t\t<\/div>\n\t\t\t\t\t<\/div>\n\t\t<\/section>\n\t\t\t\t<section class=\"elementor-section elementor-top-section elementor-element elementor-element-d38a7f3 elementor-section-boxed elementor-section-height-default elementor-section-height-default\" data-id=\"d38a7f3\" data-element_type=\"section\">\n\t\t\t\t\t\t<div class=\"elementor-container elementor-column-gap-default\">\n\t\t\t\t\t<div class=\"elementor-column elementor-col-100 elementor-top-column elementor-element elementor-element-68a0bea\" data-id=\"68a0bea\" data-element_type=\"column\">\n\t\t\t<div class=\"elementor-widget-wrap elementor-element-populated\">\n\t\t\t\t\t\t<div class=\"elementor-element elementor-element-385bfb5 elementor-widget elementor-widget-heading\" data-id=\"385bfb5\" data-element_type=\"widget\" data-widget_type=\"heading.default\">\n\t\t\t\t<div class=\"elementor-widget-container\">\n\t\t\t\t\t<h2 class=\"elementor-heading-title elementor-size-default\">partnereink<\/h2>\t\t\t\t<\/div>\n\t\t\t\t<\/div>\n\t\t\t\t<div class=\"elementor-element elementor-element-f62d7de elementor-widget elementor-widget-gallery\" data-id=\"f62d7de\" data-element_type=\"widget\" data-settings=\"{&quot;columns&quot;:3,&quot;gap&quot;:{&quot;unit&quot;:&quot;px&quot;,&quot;size&quot;:30,&quot;sizes&quot;:[]},&quot;aspect_ratio&quot;:&quot;16:9&quot;,&quot;lazyload&quot;:&quot;yes&quot;,&quot;gallery_layout&quot;:&quot;grid&quot;,&quot;columns_tablet&quot;:2,&quot;columns_mobile&quot;:1,&quot;gap_tablet&quot;:{&quot;unit&quot;:&quot;px&quot;,&quot;size&quot;:10,&quot;sizes&quot;:[]},&quot;gap_mobile&quot;:{&quot;unit&quot;:&quot;px&quot;,&quot;size&quot;:10,&quot;sizes&quot;:[]},&quot;link_to&quot;:&quot;file&quot;,&quot;overlay_background&quot;:&quot;yes&quot;,&quot;content_hover_animation&quot;:&quot;fade-in&quot;}\" data-widget_type=\"gallery.default\">\n\t\t\t\t<div class=\"elementor-widget-container\">\n\t\t\t\t\t\t\t<div class=\"elementor-gallery__container\">\n\t\t\t\t\t\t\t<a class=\"e-gallery-item elementor-gallery-item elementor-animated-content\" href=\"http:\/\/foldfem.hu\/wp-content\/uploads\/2021\/03\/partner_teva.png\" data-elementor-open-lightbox=\"yes\" data-elementor-lightbox-slideshow=\"f62d7de\" data-elementor-lightbox-title=\"partner_teva\" data-e-action-hash=\"#elementor-action%3Aaction%3Dlightbox%26settings%3DeyJpZCI6NDUsInVybCI6Imh0dHA6XC9cL2ZvbGRmZW0uaHVcL3dwLWNvbnRlbnRcL3VwbG9hZHNcLzIwMjFcLzAzXC9wYXJ0bmVyX3RldmEucG5nIiwic2xpZGVzaG93IjoiZjYyZDdkZSJ9\">\n\t\t\t\t\t<div class=\"e-gallery-image elementor-gallery-item__image\" data-thumbnail=\"http:\/\/foldfem.hu\/wp-content\/uploads\/2021\/03\/partner_teva.png\" data-width=\"220\" data-height=\"150\" aria-label=\"\" role=\"img\" ><\/div>\n\t\t\t\t\t\t\t\t\t\t\t<div class=\"elementor-gallery-item__overlay\"><\/div>\n\t\t\t\t\t\t\t\t\t\t\t\t\t\t<\/a>\n\t\t\t\t\t\t\t<a class=\"e-gallery-item elementor-gallery-item elementor-animated-content\" href=\"http:\/\/foldfem.hu\/wp-content\/uploads\/2021\/03\/partner_sanofi.png\" data-elementor-open-lightbox=\"yes\" data-elementor-lightbox-slideshow=\"f62d7de\" data-elementor-lightbox-title=\"partner_sanofi\" data-e-action-hash=\"#elementor-action%3Aaction%3Dlightbox%26settings%3DeyJpZCI6NDQsInVybCI6Imh0dHA6XC9cL2ZvbGRmZW0uaHVcL3dwLWNvbnRlbnRcL3VwbG9hZHNcLzIwMjFcLzAzXC9wYXJ0bmVyX3Nhbm9maS5wbmciLCJzbGlkZXNob3ciOiJmNjJkN2RlIn0%3D\">\n\t\t\t\t\t<div class=\"e-gallery-image elementor-gallery-item__image\" data-thumbnail=\"http:\/\/foldfem.hu\/wp-content\/uploads\/2021\/03\/partner_sanofi.png\" data-width=\"220\" data-height=\"150\" aria-label=\"\" role=\"img\" ><\/div>\n\t\t\t\t\t\t\t\t\t\t\t<div class=\"elementor-gallery-item__overlay\"><\/div>\n\t\t\t\t\t\t\t\t\t\t\t\t\t\t<\/a>\n\t\t\t\t\t\t\t<a class=\"e-gallery-item elementor-gallery-item elementor-animated-content\" href=\"http:\/\/foldfem.hu\/wp-content\/uploads\/2021\/03\/partner_richter.png\" data-elementor-open-lightbox=\"yes\" data-elementor-lightbox-slideshow=\"f62d7de\" data-elementor-lightbox-title=\"partner_richter\" data-e-action-hash=\"#elementor-action%3Aaction%3Dlightbox%26settings%3DeyJpZCI6NDMsInVybCI6Imh0dHA6XC9cL2ZvbGRmZW0uaHVcL3dwLWNvbnRlbnRcL3VwbG9hZHNcLzIwMjFcLzAzXC9wYXJ0bmVyX3JpY2h0ZXIucG5nIiwic2xpZGVzaG93IjoiZjYyZDdkZSJ9\">\n\t\t\t\t\t<div class=\"e-gallery-image elementor-gallery-item__image\" data-thumbnail=\"http:\/\/foldfem.hu\/wp-content\/uploads\/2021\/03\/partner_richter.png\" data-width=\"220\" data-height=\"150\" aria-label=\"\" role=\"img\" ><\/div>\n\t\t\t\t\t\t\t\t\t\t\t<div class=\"elementor-gallery-item__overlay\"><\/div>\n\t\t\t\t\t\t\t\t\t\t\t\t\t\t<\/a>\n\t\t\t\t\t\t\t<a class=\"e-gallery-item elementor-gallery-item elementor-animated-content\" href=\"http:\/\/foldfem.hu\/wp-content\/uploads\/2021\/03\/partner_mol.png\" data-elementor-open-lightbox=\"yes\" data-elementor-lightbox-slideshow=\"f62d7de\" data-elementor-lightbox-title=\"partner_mol\" data-e-action-hash=\"#elementor-action%3Aaction%3Dlightbox%26settings%3DeyJpZCI6NDIsInVybCI6Imh0dHA6XC9cL2ZvbGRmZW0uaHVcL3dwLWNvbnRlbnRcL3VwbG9hZHNcLzIwMjFcLzAzXC9wYXJ0bmVyX21vbC5wbmciLCJzbGlkZXNob3ciOiJmNjJkN2RlIn0%3D\">\n\t\t\t\t\t<div class=\"e-gallery-image elementor-gallery-item__image\" data-thumbnail=\"http:\/\/foldfem.hu\/wp-content\/uploads\/2021\/03\/partner_mol.png\" data-width=\"220\" data-height=\"150\" aria-label=\"\" role=\"img\" ><\/div>\n\t\t\t\t\t\t\t\t\t\t\t<div class=\"elementor-gallery-item__overlay\"><\/div>\n\t\t\t\t\t\t\t\t\t\t\t\t\t\t<\/a>\n\t\t\t\t\t\t\t<a class=\"e-gallery-item elementor-gallery-item elementor-animated-content\" href=\"http:\/\/foldfem.hu\/wp-content\/uploads\/2021\/03\/partner_egis.png\" data-elementor-open-lightbox=\"yes\" data-elementor-lightbox-slideshow=\"f62d7de\" data-elementor-lightbox-title=\"partner_egis\" data-e-action-hash=\"#elementor-action%3Aaction%3Dlightbox%26settings%3DeyJpZCI6NDEsInVybCI6Imh0dHA6XC9cL2ZvbGRmZW0uaHVcL3dwLWNvbnRlbnRcL3VwbG9hZHNcLzIwMjFcLzAzXC9wYXJ0bmVyX2VnaXMucG5nIiwic2xpZGVzaG93IjoiZjYyZDdkZSJ9\">\n\t\t\t\t\t<div class=\"e-gallery-image elementor-gallery-item__image\" data-thumbnail=\"http:\/\/foldfem.hu\/wp-content\/uploads\/2021\/03\/partner_egis.png\" data-width=\"220\" data-height=\"150\" aria-label=\"\" role=\"img\" ><\/div>\n\t\t\t\t\t\t\t\t\t\t\t<div class=\"elementor-gallery-item__overlay\"><\/div>\n\t\t\t\t\t\t\t\t\t\t\t\t\t\t<\/a>\n\t\t\t\t\t\t\t<a class=\"e-gallery-item elementor-gallery-item elementor-animated-content\" href=\"http:\/\/foldfem.hu\/wp-content\/uploads\/2021\/03\/partner_borsodchem.png\" data-elementor-open-lightbox=\"yes\" data-elementor-lightbox-slideshow=\"f62d7de\" data-elementor-lightbox-title=\"partner_borsodchem\" data-e-action-hash=\"#elementor-action%3Aaction%3Dlightbox%26settings%3DeyJpZCI6NDAsInVybCI6Imh0dHA6XC9cL2ZvbGRmZW0uaHVcL3dwLWNvbnRlbnRcL3VwbG9hZHNcLzIwMjFcLzAzXC9wYXJ0bmVyX2JvcnNvZGNoZW0ucG5nIiwic2xpZGVzaG93IjoiZjYyZDdkZSJ9\">\n\t\t\t\t\t<div class=\"e-gallery-image elementor-gallery-item__image\" data-thumbnail=\"http:\/\/foldfem.hu\/wp-content\/uploads\/2021\/03\/partner_borsodchem.png\" data-width=\"220\" data-height=\"150\" aria-label=\"\" role=\"img\" ><\/div>\n\t\t\t\t\t\t\t\t\t\t\t<div class=\"elementor-gallery-item__overlay\"><\/div>\n\t\t\t\t\t\t\t\t\t\t\t\t\t\t<\/a>\n\t\t\t\t\t\t\t<a class=\"e-gallery-item elementor-gallery-item elementor-animated-content\" href=\"http:\/\/foldfem.hu\/wp-content\/uploads\/2021\/03\/magyar_honvedseg.png\" data-elementor-open-lightbox=\"yes\" data-elementor-lightbox-slideshow=\"f62d7de\" data-elementor-lightbox-title=\"magyar_honvedseg\" data-e-action-hash=\"#elementor-action%3Aaction%3Dlightbox%26settings%3DeyJpZCI6NDIzLCJ1cmwiOiJodHRwOlwvXC9mb2xkZmVtLmh1XC93cC1jb250ZW50XC91cGxvYWRzXC8yMDIxXC8wM1wvbWFneWFyX2hvbnZlZHNlZy5wbmciLCJzbGlkZXNob3ciOiJmNjJkN2RlIn0%3D\">\n\t\t\t\t\t<div class=\"e-gallery-image elementor-gallery-item__image\" data-thumbnail=\"http:\/\/foldfem.hu\/wp-content\/uploads\/2021\/03\/magyar_honvedseg.png\" data-width=\"220\" data-height=\"150\" aria-label=\"\" role=\"img\" ><\/div>\n\t\t\t\t\t\t\t\t\t\t\t<div class=\"elementor-gallery-item__overlay\"><\/div>\n\t\t\t\t\t\t\t\t\t\t\t\t\t\t<\/a>\n\t\t\t\t\t\t\t<a class=\"e-gallery-item elementor-gallery-item elementor-animated-content\" href=\"http:\/\/foldfem.hu\/wp-content\/uploads\/2021\/03\/multinox.png\" data-elementor-open-lightbox=\"yes\" data-elementor-lightbox-slideshow=\"f62d7de\" data-elementor-lightbox-title=\"multinox\" data-e-action-hash=\"#elementor-action%3Aaction%3Dlightbox%26settings%3DeyJpZCI6NDI0LCJ1cmwiOiJodHRwOlwvXC9mb2xkZmVtLmh1XC93cC1jb250ZW50XC91cGxvYWRzXC8yMDIxXC8wM1wvbXVsdGlub3gucG5nIiwic2xpZGVzaG93IjoiZjYyZDdkZSJ9\">\n\t\t\t\t\t<div class=\"e-gallery-image elementor-gallery-item__image\" data-thumbnail=\"http:\/\/foldfem.hu\/wp-content\/uploads\/2021\/03\/multinox.png\" data-width=\"220\" data-height=\"150\" aria-label=\"\" role=\"img\" ><\/div>\n\t\t\t\t\t\t\t\t\t\t\t<div class=\"elementor-gallery-item__overlay\"><\/div>\n\t\t\t\t\t\t\t\t\t\t\t\t\t\t<\/a>\n\t\t\t\t\t\t\t<a class=\"e-gallery-item elementor-gallery-item elementor-animated-content\" href=\"http:\/\/foldfem.hu\/wp-content\/uploads\/2021\/03\/kraftszer.png\" data-elementor-open-lightbox=\"yes\" data-elementor-lightbox-slideshow=\"f62d7de\" data-elementor-lightbox-title=\"kraftszer\" data-e-action-hash=\"#elementor-action%3Aaction%3Dlightbox%26settings%3DeyJpZCI6NDI1LCJ1cmwiOiJodHRwOlwvXC9mb2xkZmVtLmh1XC93cC1jb250ZW50XC91cGxvYWRzXC8yMDIxXC8wM1wva3JhZnRzemVyLnBuZyIsInNsaWRlc2hvdyI6ImY2MmQ3ZGUifQ%3D%3D\">\n\t\t\t\t\t<div class=\"e-gallery-image elementor-gallery-item__image\" data-thumbnail=\"http:\/\/foldfem.hu\/wp-content\/uploads\/2021\/03\/kraftszer.png\" data-width=\"220\" data-height=\"150\" aria-label=\"\" role=\"img\" ><\/div>\n\t\t\t\t\t\t\t\t\t\t\t<div class=\"elementor-gallery-item__overlay\"><\/div>\n\t\t\t\t\t\t\t\t\t\t\t\t\t\t<\/a>\n\t\t\t\t\t\t\t<a class=\"e-gallery-item elementor-gallery-item elementor-animated-content\" href=\"http:\/\/foldfem.hu\/wp-content\/uploads\/2021\/03\/petrol_acis.png\" data-elementor-open-lightbox=\"yes\" data-elementor-lightbox-slideshow=\"f62d7de\" data-elementor-lightbox-title=\"petrol_acis\" data-e-action-hash=\"#elementor-action%3Aaction%3Dlightbox%26settings%3DeyJpZCI6NDI2LCJ1cmwiOiJodHRwOlwvXC9mb2xkZmVtLmh1XC93cC1jb250ZW50XC91cGxvYWRzXC8yMDIxXC8wM1wvcGV0cm9sX2FjaXMucG5nIiwic2xpZGVzaG93IjoiZjYyZDdkZSJ9\">\n\t\t\t\t\t<div class=\"e-gallery-image elementor-gallery-item__image\" data-thumbnail=\"http:\/\/foldfem.hu\/wp-content\/uploads\/2021\/03\/petrol_acis.png\" data-width=\"220\" data-height=\"150\" aria-label=\"\" role=\"img\" ><\/div>\n\t\t\t\t\t\t\t\t\t\t\t<div class=\"elementor-gallery-item__overlay\"><\/div>\n\t\t\t\t\t\t\t\t\t\t\t\t\t\t<\/a>\n\t\t\t\t\t\t\t<a class=\"e-gallery-item elementor-gallery-item elementor-animated-content\" href=\"http:\/\/foldfem.hu\/wp-content\/uploads\/2021\/03\/gia.png\" data-elementor-open-lightbox=\"yes\" data-elementor-lightbox-slideshow=\"f62d7de\" data-elementor-lightbox-title=\"gia\" data-e-action-hash=\"#elementor-action%3Aaction%3Dlightbox%26settings%3DeyJpZCI6NDI3LCJ1cmwiOiJodHRwOlwvXC9mb2xkZmVtLmh1XC93cC1jb250ZW50XC91cGxvYWRzXC8yMDIxXC8wM1wvZ2lhLnBuZyIsInNsaWRlc2hvdyI6ImY2MmQ3ZGUifQ%3D%3D\">\n\t\t\t\t\t<div class=\"e-gallery-image elementor-gallery-item__image\" data-thumbnail=\"http:\/\/foldfem.hu\/wp-content\/uploads\/2021\/03\/gia.png\" data-width=\"220\" data-height=\"150\" aria-label=\"\" role=\"img\" ><\/div>\n\t\t\t\t\t\t\t\t\t\t\t<div class=\"elementor-gallery-item__overlay\"><\/div>\n\t\t\t\t\t\t\t\t\t\t\t\t\t\t<\/a>\n\t\t\t\t\t\t\t<a class=\"e-gallery-item elementor-gallery-item elementor-animated-content\" href=\"http:\/\/foldfem.hu\/wp-content\/uploads\/2021\/03\/ot_industries.png\" data-elementor-open-lightbox=\"yes\" data-elementor-lightbox-slideshow=\"f62d7de\" data-elementor-lightbox-title=\"ot_industries\" data-e-action-hash=\"#elementor-action%3Aaction%3Dlightbox%26settings%3DeyJpZCI6NDI4LCJ1cmwiOiJodHRwOlwvXC9mb2xkZmVtLmh1XC93cC1jb250ZW50XC91cGxvYWRzXC8yMDIxXC8wM1wvb3RfaW5kdXN0cmllcy5wbmciLCJzbGlkZXNob3ciOiJmNjJkN2RlIn0%3D\">\n\t\t\t\t\t<div class=\"e-gallery-image elementor-gallery-item__image\" data-thumbnail=\"http:\/\/foldfem.hu\/wp-content\/uploads\/2021\/03\/ot_industries.png\" data-width=\"220\" data-height=\"150\" aria-label=\"\" role=\"img\" ><\/div>\n\t\t\t\t\t\t\t\t\t\t\t<div class=\"elementor-gallery-item__overlay\"><\/div>\n\t\t\t\t\t\t\t\t\t\t\t\t\t\t<\/a>\n\t\t\t\t\t\t\t<a class=\"e-gallery-item elementor-gallery-item elementor-animated-content\" href=\"http:\/\/foldfem.hu\/wp-content\/uploads\/2021\/03\/barabas.png\" data-elementor-open-lightbox=\"yes\" data-elementor-lightbox-slideshow=\"f62d7de\" data-elementor-lightbox-title=\"barabas\" data-e-action-hash=\"#elementor-action%3Aaction%3Dlightbox%26settings%3DeyJpZCI6NDMwLCJ1cmwiOiJodHRwOlwvXC9mb2xkZmVtLmh1XC93cC1jb250ZW50XC91cGxvYWRzXC8yMDIxXC8wM1wvYmFyYWJhcy5wbmciLCJzbGlkZXNob3ciOiJmNjJkN2RlIn0%3D\">\n\t\t\t\t\t<div class=\"e-gallery-image elementor-gallery-item__image\" data-thumbnail=\"http:\/\/foldfem.hu\/wp-content\/uploads\/2021\/03\/barabas.png\" data-width=\"220\" data-height=\"150\" aria-label=\"\" role=\"img\" ><\/div>\n\t\t\t\t\t\t\t\t\t\t\t<div class=\"elementor-gallery-item__overlay\"><\/div>\n\t\t\t\t\t\t\t\t\t\t\t\t\t\t<\/a>\n\t\t\t\t\t\t\t<a class=\"e-gallery-item elementor-gallery-item elementor-animated-content\" href=\"http:\/\/foldfem.hu\/wp-content\/uploads\/2021\/03\/huntsman.png\" data-elementor-open-lightbox=\"yes\" data-elementor-lightbox-slideshow=\"f62d7de\" data-elementor-lightbox-title=\"huntsman\" data-e-action-hash=\"#elementor-action%3Aaction%3Dlightbox%26settings%3DeyJpZCI6NDMxLCJ1cmwiOiJodHRwOlwvXC9mb2xkZmVtLmh1XC93cC1jb250ZW50XC91cGxvYWRzXC8yMDIxXC8wM1wvaHVudHNtYW4ucG5nIiwic2xpZGVzaG93IjoiZjYyZDdkZSJ9\">\n\t\t\t\t\t<div class=\"e-gallery-image elementor-gallery-item__image\" data-thumbnail=\"http:\/\/foldfem.hu\/wp-content\/uploads\/2021\/03\/huntsman.png\" data-width=\"220\" data-height=\"150\" aria-label=\"\" role=\"img\" ><\/div>\n\t\t\t\t\t\t\t\t\t\t\t<div class=\"elementor-gallery-item__overlay\"><\/div>\n\t\t\t\t\t\t\t\t\t\t\t\t\t\t<\/a>\n\t\t\t\t\t<\/div>\n\t\t\t\t\t<\/div>\n\t\t\t\t<\/div>\n\t\t\t\t\t<\/div>\n\t\t<\/div>\n\t\t\t\t\t<\/div>\n\t\t<\/section>\n\t\t\t\t<\/div>\n\t\t","protected":false},"excerpt":{"rendered":"<p>Bemutatkoz\u00e1s R\u00f3lunk \u00dcdv\u00f6z\u00f6lj\u00fck a F\u00d6LDF\u00c9M G\u00e9pgy\u00e1rt\u00f3 \u00e9s Jav\u00edt\u00f3 Kft honlapj\u00e1n! T\u00e1rsas\u00e1gunk 1989-ben alakult, a f\u0151 tev\u00e9kenys\u00e9gi k\u00f6r ekkor ac\u00e9lszerkezetek tervez\u00e9se \u00e9s gy\u00e1rt\u00e1sa volt, mely 1992-t\u0151l kieg\u00e9sz\u00fclt a potenci\u00e1lisan robban\u00e1svesz\u00e9lyes k\u00f6rnyezetben alkalmazhat\u00f3 biztons\u00e1gi szerelv\u00e9nyek fejleszt\u00e9s\u00e9vel, gy\u00e1rt\u00e1s\u00e1val \u00e9s kereskedelm\u00e9vel. A 2000-es \u00e9vek elej\u00e9t\u0151l a tev\u00e9kenys\u00e9gi k\u00f6r tov\u00e1bb b\u0151v\u00fclt ipari ingatlanok hasznos\u00edt\u00e1s\u00e1val a rendelkez\u00e9sre \u00e1ll\u00f3 kb. 5ha vecs\u00e9si [&hellip;]<\/p>\n","protected":false},"author":1,"featured_media":0,"parent":0,"menu_order":0,"comment_status":"closed","ping_status":"closed","template":"","meta":{"inline_featured_image":false,"ocean_post_layout":"","ocean_both_sidebars_style":"","ocean_both_sidebars_content_width":0,"ocean_both_sidebars_sidebars_width":0,"ocean_sidebar":"","ocean_second_sidebar":"","ocean_disable_margins":"enable","ocean_add_body_class":"","ocean_shortcode_before_top_bar":"","ocean_shortcode_after_top_bar":"","ocean_shortcode_before_header":"","ocean_shortcode_after_header":"","ocean_has_shortcode":"","ocean_shortcode_after_title":"","ocean_shortcode_before_footer_widgets":"","ocean_shortcode_after_footer_widgets":"","ocean_shortcode_before_footer_bottom":"","ocean_shortcode_after_footer_bottom":"","ocean_display_top_bar":"default","ocean_display_header":"default","ocean_header_style":"","ocean_center_header_left_menu":"","ocean_custom_header_template":"","ocean_custom_logo":0,"ocean_custom_retina_logo":0,"ocean_custom_logo_max_width":0,"ocean_custom_logo_tablet_max_width":0,"ocean_custom_logo_mobile_max_width":0,"ocean_custom_logo_max_height":0,"ocean_custom_logo_tablet_max_height":0,"ocean_custom_logo_mobile_max_height":0,"ocean_header_custom_menu":"","ocean_menu_typo_font_family":"","ocean_menu_typo_font_subset":"","ocean_menu_typo_font_size":0,"ocean_menu_typo_font_size_tablet":0,"ocean_menu_typo_font_size_mobile":0,"ocean_menu_typo_font_size_unit":"px","ocean_menu_typo_font_weight":"","ocean_menu_typo_font_weight_tablet":"","ocean_menu_typo_font_weight_mobile":"","ocean_menu_typo_transform":"","ocean_menu_typo_transform_tablet":"","ocean_menu_typo_transform_mobile":"","ocean_menu_typo_line_height":0,"ocean_menu_typo_line_height_tablet":0,"ocean_menu_typo_line_height_mobile":0,"ocean_menu_typo_line_height_unit":"","ocean_menu_typo_spacing":0,"ocean_menu_typo_spacing_tablet":0,"ocean_menu_typo_spacing_mobile":0,"ocean_menu_typo_spacing_unit":"","ocean_menu_link_color":"","ocean_menu_link_color_hover":"","ocean_menu_link_color_active":"","ocean_menu_link_background":"","ocean_menu_link_hover_background":"","ocean_menu_link_active_background":"","ocean_menu_social_links_bg":"","ocean_menu_social_hover_links_bg":"","ocean_menu_social_links_color":"","ocean_menu_social_hover_links_color":"","ocean_disable_title":"default","ocean_disable_heading":"default","ocean_post_title":"","ocean_post_subheading":"","ocean_post_title_style":"","ocean_post_title_background_color":"","ocean_post_title_background":0,"ocean_post_title_bg_image_position":"","ocean_post_title_bg_image_attachment":"","ocean_post_title_bg_image_repeat":"","ocean_post_title_bg_image_size":"","ocean_post_title_height":0,"ocean_post_title_bg_overlay":0.5,"ocean_post_title_bg_overlay_color":"","ocean_disable_breadcrumbs":"default","ocean_breadcrumbs_color":"","ocean_breadcrumbs_separator_color":"","ocean_breadcrumbs_links_color":"","ocean_breadcrumbs_links_hover_color":"","ocean_display_footer_widgets":"default","ocean_display_footer_bottom":"default","ocean_custom_footer_template":"","footnotes":""},"class_list":["post-375","page","type-page","status-publish","hentry","entry"],"_links":{"self":[{"href":"http:\/\/foldfem.hu\/hu\/wp-json\/wp\/v2\/pages\/375","targetHints":{"allow":["GET"]}}],"collection":[{"href":"http:\/\/foldfem.hu\/hu\/wp-json\/wp\/v2\/pages"}],"about":[{"href":"http:\/\/foldfem.hu\/hu\/wp-json\/wp\/v2\/types\/page"}],"author":[{"embeddable":true,"href":"http:\/\/foldfem.hu\/hu\/wp-json\/wp\/v2\/users\/1"}],"replies":[{"embeddable":true,"href":"http:\/\/foldfem.hu\/hu\/wp-json\/wp\/v2\/comments?post=375"}],"version-history":[{"count":40,"href":"http:\/\/foldfem.hu\/hu\/wp-json\/wp\/v2\/pages\/375\/revisions"}],"predecessor-version":[{"id":437,"href":"http:\/\/foldfem.hu\/hu\/wp-json\/wp\/v2\/pages\/375\/revisions\/437"}],"wp:attachment":[{"href":"http:\/\/foldfem.hu\/hu\/wp-json\/wp\/v2\/media?parent=375"}],"curies":[{"name":"wp","href":"https:\/\/api.w.org\/{rel}","templated":true}]}}