{"id":1121,"date":"2021-06-04T09:44:32","date_gmt":"2021-06-04T09:44:32","guid":{"rendered":"http:\/\/foldfem.hu\/?page_id=1121"},"modified":"2021-06-07T07:30:02","modified_gmt":"2021-06-07T07:30:02","slug":"langathatolasgatlok","status":"publish","type":"page","link":"http:\/\/foldfem.hu\/hu\/langathatolasgatlok\/","title":{"rendered":"L\u00e1ng\u00e1thatol\u00e1sg\u00e1tl\u00f3k"},"content":{"rendered":"\t\t<div data-elementor-type=\"wp-page\" data-elementor-id=\"1121\" class=\"elementor elementor-1121\" data-elementor-post-type=\"page\">\n\t\t\t\t\t\t<section class=\"elementor-section elementor-top-section elementor-element elementor-element-b5fc04e elementor-section-boxed elementor-section-height-default elementor-section-height-default\" data-id=\"b5fc04e\" data-element_type=\"section\" data-settings=\"{&quot;background_background&quot;:&quot;classic&quot;}\">\n\t\t\t\t\t\t<div class=\"elementor-container elementor-column-gap-default\">\n\t\t\t\t\t<div class=\"elementor-column elementor-col-100 elementor-top-column elementor-element elementor-element-6b86937\" data-id=\"6b86937\" data-element_type=\"column\">\n\t\t\t<div class=\"elementor-widget-wrap elementor-element-populated\">\n\t\t\t\t\t\t<div class=\"elementor-element elementor-element-4762703 elementor-widget elementor-widget-heading\" data-id=\"4762703\" data-element_type=\"widget\" data-widget_type=\"heading.default\">\n\t\t\t\t<div class=\"elementor-widget-container\">\n\t\t\t\t\t<h1 class=\"elementor-heading-title elementor-size-default\">L\u00e1ng\u00e1thatol\u00e1sg\u00e1tl\u00f3k<\/h1>\t\t\t\t<\/div>\n\t\t\t\t<\/div>\n\t\t\t\t\t<\/div>\n\t\t<\/div>\n\t\t\t\t\t<\/div>\n\t\t<\/section>\n\t\t\t\t<section class=\"elementor-section elementor-top-section elementor-element elementor-element-571ccda elementor-section-boxed elementor-section-height-default elementor-section-height-default\" data-id=\"571ccda\" data-element_type=\"section\">\n\t\t\t\t\t\t<div class=\"elementor-container elementor-column-gap-default\">\n\t\t\t\t\t<div class=\"elementor-column elementor-col-100 elementor-top-column elementor-element elementor-element-3b95aff\" data-id=\"3b95aff\" data-element_type=\"column\">\n\t\t\t<div class=\"elementor-widget-wrap elementor-element-populated\">\n\t\t\t\t\t\t<div class=\"elementor-element elementor-element-918ff20 elementor-widget elementor-widget-heading\" data-id=\"918ff20\" data-element_type=\"widget\" data-widget_type=\"heading.default\">\n\t\t\t\t<div class=\"elementor-widget-container\">\n\t\t\t\t\t<h2 class=\"elementor-heading-title elementor-size-default\">Olajipari, vegyipari, <br>\ngy\u00f3gyszeripari szerelv\u00e9nyek<\/h2>\t\t\t\t<\/div>\n\t\t\t\t<\/div>\n\t\t\t\t<div class=\"elementor-element elementor-element-70c4fb5 elementor-widget elementor-widget-heading\" data-id=\"70c4fb5\" data-element_type=\"widget\" id=\"deflagraciozarak\" data-widget_type=\"heading.default\">\n\t\t\t\t<div class=\"elementor-widget-container\">\n\t\t\t\t\t<h4 class=\"elementor-heading-title elementor-size-default\">deflagr\u00e1ci\u00f3z\u00e1rak<\/h4>\t\t\t\t<\/div>\n\t\t\t\t<\/div>\n\t\t\t\t<div class=\"elementor-element elementor-element-dcb1c79 elementor-grid-3 elementor-grid-tablet-2 elementor-grid-mobile-1 elementor-posts--thumbnail-top elementor-posts__hover-gradient elementor-widget elementor-widget-posts\" data-id=\"dcb1c79\" data-element_type=\"widget\" data-settings=\"{&quot;cards_columns&quot;:&quot;3&quot;,&quot;cards_columns_tablet&quot;:&quot;2&quot;,&quot;cards_columns_mobile&quot;:&quot;1&quot;,&quot;cards_row_gap&quot;:{&quot;unit&quot;:&quot;px&quot;,&quot;size&quot;:35,&quot;sizes&quot;:[]},&quot;cards_row_gap_tablet&quot;:{&quot;unit&quot;:&quot;px&quot;,&quot;size&quot;:&quot;&quot;,&quot;sizes&quot;:[]},&quot;cards_row_gap_mobile&quot;:{&quot;unit&quot;:&quot;px&quot;,&quot;size&quot;:&quot;&quot;,&quot;sizes&quot;:[]}}\" data-widget_type=\"posts.cards\">\n\t\t\t\t<div class=\"elementor-widget-container\">\n\t\t\t\t\t\t\t<div class=\"elementor-posts-container elementor-posts elementor-posts--skin-cards elementor-grid\" role=\"list\">\n\t\t\t\t<article class=\"elementor-post elementor-grid-item post-1093 post type-post status-publish format-standard hentry category-deflagraciozarak category-langathatolasgatlok-olajipari-vegyipari-gyogyszeripari-szerelvenyek entry\" role=\"listitem\">\n\t\t\t<div class=\"elementor-post__card\">\n\t\t\t\t<div class=\"elementor-post__text\">\n\t\t\t\t<h3 class=\"elementor-post__title\">\n\t\t\t<a href=\"http:\/\/foldfem.hu\/hu\/2021\/06\/04\/f-r4-05-deflagraciozar\/\" >\n\t\t\t\tF-R\/4-05\t\t\t<\/a>\n\t\t<\/h3>\n\t\t\t\t<div class=\"elementor-post__excerpt\">\n\t\t\t<p>Deflagr\u00e1ci\u00f3z\u00e1r hangsebess\u00e9g alatti l\u00e1ngterjed\u00e9si sebes\u00e9ggel rendelkez\u0151 atmoszf\u00e9rikus robban\u00e1sokhoz, IIB3 robban\u00e1si alcsoportba sorolt g\u00e1zokhoz\/g\u0151z\u00f6kh\u00f6z. Max. t\u00e1vols\u00e1g a potenci\u00e1lis gy\u00fajt\u00f3forr\u00e1st\u00f3l 50D. Cs\u0151vezet\u00e9k k\u00f6z\u00e9 \u00e9p\u00edthet\u0151 \u00e9s cs\u0151v\u00e9gi kivitelben<\/p>\n\t\t<\/div>\n\t\t\n\t\t<a class=\"elementor-post__read-more\" href=\"http:\/\/foldfem.hu\/hu\/2021\/06\/04\/f-r4-05-deflagraciozar\/\" aria-label=\"Read more about F-R\/4-05\" tabindex=\"-1\" >\n\t\t\tTudj meg t\u00f6bbet \u00bb\t\t<\/a>\n\n\t\t\t\t<\/div>\n\t\t\t\t\t<\/div>\n\t\t<\/article>\n\t\t\t\t<article class=\"elementor-post elementor-grid-item post-623 post type-post status-publish format-standard hentry category-deflagraciozarak category-langathatolasgatlok-olajipari-vegyipari-gyogyszeripari-szerelvenyek entry\" role=\"listitem\">\n\t\t\t<div class=\"elementor-post__card\">\n\t\t\t\t<div class=\"elementor-post__text\">\n\t\t\t\t<h3 class=\"elementor-post__title\">\n\t\t\t<a href=\"http:\/\/foldfem.hu\/hu\/2021\/04\/02\/f-r-2-07-deflagraciozar\/\" >\n\t\t\t\tF-R\/2-07\t\t\t<\/a>\n\t\t<\/h3>\n\t\t\t\t<div class=\"elementor-post__excerpt\">\n\t\t\t<p>Deflagr\u00e1ci\u00f3z\u00e1r hangsebess\u00e9g alatti l\u00e1ngterjed\u00e9si sebess\u00e9ggel rendelkez\u0151 atmoszf\u00e9rikus robban\u00e1sokhoz, IIA robban\u00e1si alcsoportba sorolt g\u00e1zokhoz\/g\u0151z\u00f6kh\u00f6z. Max. t\u00e1vols\u00e1g a potenci\u00e1lis gy\u00fajt\u00f3forr\u00e1st\u00f3l 50D. Cs\u0151vezet\u00e9k k\u00f6z\u00e9 \u00e9p\u00edthet\u0151 \u00e9s cs\u0151v\u00e9gi kivitelben<\/p>\n\t\t<\/div>\n\t\t\n\t\t<a class=\"elementor-post__read-more\" href=\"http:\/\/foldfem.hu\/hu\/2021\/04\/02\/f-r-2-07-deflagraciozar\/\" aria-label=\"Read more about F-R\/2-07\" tabindex=\"-1\" >\n\t\t\tTudj meg t\u00f6bbet \u00bb\t\t<\/a>\n\n\t\t\t\t<\/div>\n\t\t\t\t\t<\/div>\n\t\t<\/article>\n\t\t\t\t<article class=\"elementor-post elementor-grid-item post-621 post type-post status-publish format-standard hentry category-deflagraciozarak category-langathatolasgatlok-olajipari-vegyipari-gyogyszeripari-szerelvenyek entry\" role=\"listitem\">\n\t\t\t<div class=\"elementor-post__card\">\n\t\t\t\t<div class=\"elementor-post__text\">\n\t\t\t\t<h3 class=\"elementor-post__title\">\n\t\t\t<a href=\"http:\/\/foldfem.hu\/hu\/2021\/04\/02\/f-1-deflagraciozar\/\" >\n\t\t\t\tF-1\t\t\t<\/a>\n\t\t<\/h3>\n\t\t\t\t<div class=\"elementor-post__excerpt\">\n\t\t\t<p>Deflagr\u00e1ci\u00f3z\u00e1r hangsebess\u00e9g alatti l\u00e1ngterjed\u00e9si sebess\u00e9ggel rendelkez\u0151 atmoszf\u00e9rikus robban\u00e1sokhoz, IIA robban\u00e1si alcsoportba sorolt g\u00e1zokhoz\/g\u0151z\u00f6kh\u00f6z. Max. t\u00e1vols\u00e1g a potenci\u00e1lis gy\u00fajt\u00f3forr\u00e1st\u00f3l 25D. Cs\u0151vezet\u00e9k k\u00f6z\u00e9 \u00e9p\u00edthet\u0151 \u00e9s cs\u0151v\u00e9gi kivitelben<\/p>\n\t\t<\/div>\n\t\t\n\t\t<a class=\"elementor-post__read-more\" href=\"http:\/\/foldfem.hu\/hu\/2021\/04\/02\/f-1-deflagraciozar\/\" aria-label=\"Read more about F-1\" tabindex=\"-1\" >\n\t\t\tTudj meg t\u00f6bbet \u00bb\t\t<\/a>\n\n\t\t\t\t<\/div>\n\t\t\t\t\t<\/div>\n\t\t<\/article>\n\t\t\t\t<\/div>\n\t\t\n\t\t\t\t\t\t<\/div>\n\t\t\t\t<\/div>\n\t\t\t\t<div class=\"elementor-element elementor-element-752945a elementor-widget elementor-widget-heading\" data-id=\"752945a\" data-element_type=\"widget\" id=\"langzarak\" data-widget_type=\"heading.default\">\n\t\t\t\t<div class=\"elementor-widget-container\">\n\t\t\t\t\t<h4 class=\"elementor-heading-title elementor-size-default\">L\u00e1ngz\u00e1rak<\/h4>\t\t\t\t<\/div>\n\t\t\t\t<\/div>\n\t\t\t\t<div class=\"elementor-element elementor-element-4ec42f5 elementor-grid-3 elementor-grid-tablet-2 elementor-grid-mobile-1 elementor-posts--thumbnail-top elementor-posts__hover-gradient elementor-widget elementor-widget-posts\" data-id=\"4ec42f5\" data-element_type=\"widget\" data-settings=\"{&quot;cards_columns&quot;:&quot;3&quot;,&quot;cards_columns_tablet&quot;:&quot;2&quot;,&quot;cards_columns_mobile&quot;:&quot;1&quot;,&quot;cards_row_gap&quot;:{&quot;unit&quot;:&quot;px&quot;,&quot;size&quot;:35,&quot;sizes&quot;:[]},&quot;cards_row_gap_tablet&quot;:{&quot;unit&quot;:&quot;px&quot;,&quot;size&quot;:&quot;&quot;,&quot;sizes&quot;:[]},&quot;cards_row_gap_mobile&quot;:{&quot;unit&quot;:&quot;px&quot;,&quot;size&quot;:&quot;&quot;,&quot;sizes&quot;:[]}}\" data-widget_type=\"posts.cards\">\n\t\t\t\t<div class=\"elementor-widget-container\">\n\t\t\t\t\t\t\t<div class=\"elementor-posts-container elementor-posts elementor-posts--skin-cards elementor-grid\" role=\"list\">\n\t\t\t\t<article class=\"elementor-post elementor-grid-item post-825 post type-post status-publish format-standard hentry category-langathatolasgatlok-olajipari-vegyipari-gyogyszeripari-szerelvenyek category-langzarak entry\" role=\"listitem\">\n\t\t\t<div class=\"elementor-post__card\">\n\t\t\t\t<div class=\"elementor-post__text\">\n\t\t\t\t<h3 class=\"elementor-post__title\">\n\t\t\t<a href=\"http:\/\/foldfem.hu\/hu\/2021\/05\/04\/f-l-2-07-langzar\/\" >\n\t\t\t\tF-L\/2-07\t\t\t<\/a>\n\t\t<\/h3>\n\t\t\t\t<div class=\"elementor-post__excerpt\">\n\t\t\t<p>L\u00e1ngz\u00e1r IIA robban\u00e1si alcsoportba sorolt sz\u00e9nhidrog\u00e9nekhez. Cs\u0151vezet\u00e9k v\u00e9g\u00e9re \u00e9p\u00edthet\u0151 szerelv\u00e9ny atmoszf\u00e9rikus robban\u00e1sokhoz, r\u00f6vid \u00e9s tart\u00f3s idej\u0171 \u00e9g\u00e9sekhez. El\u00e9rhet\u0151 m\u00e9retek: DN15 \u2013 DN50 (nagyobb m\u00e9retek gy\u0171jt\u0151szerkezettel)<\/p>\n\t\t<\/div>\n\t\t\n\t\t<a class=\"elementor-post__read-more\" href=\"http:\/\/foldfem.hu\/hu\/2021\/05\/04\/f-l-2-07-langzar\/\" aria-label=\"Read more about F-L\/2-07\" tabindex=\"-1\" >\n\t\t\tTudj meg t\u00f6bbet \u00bb\t\t<\/a>\n\n\t\t\t\t<\/div>\n\t\t\t\t\t<\/div>\n\t\t<\/article>\n\t\t\t\t<\/div>\n\t\t\n\t\t\t\t\t\t<\/div>\n\t\t\t\t<\/div>\n\t\t\t\t<div class=\"elementor-element elementor-element-5681f1f elementor-widget elementor-widget-heading\" data-id=\"5681f1f\" data-element_type=\"widget\" id=\"detonaciozarak\" data-widget_type=\"heading.default\">\n\t\t\t\t<div class=\"elementor-widget-container\">\n\t\t\t\t\t<h4 class=\"elementor-heading-title elementor-size-default\">Deton\u00e1ci\u00f3z\u00e1rak<\/h4>\t\t\t\t<\/div>\n\t\t\t\t<\/div>\n\t\t\t\t<div class=\"elementor-element elementor-element-16bea98 elementor-grid-3 elementor-grid-tablet-2 elementor-grid-mobile-1 elementor-posts--thumbnail-top elementor-posts__hover-gradient elementor-widget elementor-widget-posts\" data-id=\"16bea98\" data-element_type=\"widget\" data-settings=\"{&quot;cards_columns&quot;:&quot;3&quot;,&quot;cards_columns_tablet&quot;:&quot;2&quot;,&quot;cards_columns_mobile&quot;:&quot;1&quot;,&quot;cards_row_gap&quot;:{&quot;unit&quot;:&quot;px&quot;,&quot;size&quot;:35,&quot;sizes&quot;:[]},&quot;cards_row_gap_tablet&quot;:{&quot;unit&quot;:&quot;px&quot;,&quot;size&quot;:&quot;&quot;,&quot;sizes&quot;:[]},&quot;cards_row_gap_mobile&quot;:{&quot;unit&quot;:&quot;px&quot;,&quot;size&quot;:&quot;&quot;,&quot;sizes&quot;:[]}}\" data-widget_type=\"posts.cards\">\n\t\t\t\t<div class=\"elementor-widget-container\">\n\t\t\t\t\t\t\t<div class=\"elementor-posts-container elementor-posts elementor-posts--skin-cards elementor-grid\" role=\"list\">\n\t\t\t\t<article class=\"elementor-post elementor-grid-item post-816 post type-post status-publish format-standard hentry category-detonaciozarak category-langathatolasgatlok-olajipari-vegyipari-gyogyszeripari-szerelvenyek entry\" role=\"listitem\">\n\t\t\t<div class=\"elementor-post__card\">\n\t\t\t\t<div class=\"elementor-post__text\">\n\t\t\t\t<h3 class=\"elementor-post__title\">\n\t\t\t<a href=\"http:\/\/foldfem.hu\/hu\/2021\/05\/04\/f-d-f-s-detonaciozar\/\" >\n\t\t\t\tF-D\/F-S\t\t\t<\/a>\n\t\t<\/h3>\n\t\t\t\t<div class=\"elementor-post__excerpt\">\n\t\t\t<p>Folyad\u00e9kz\u00e1ras deton\u00e1ci\u00f3z\u00e1r hangsebess\u00e9g feletti l\u00e1ngterjed\u00e9si sebes\u00e9get meghalad\u00f3 stabil \u00e9s instabil deton\u00e1ci\u00f3khoz, IIB3 robban\u00e1si alcsoportba sorolt g\u00e1zokhoz\/g\u0151z\u00f6kh\u00f6z. Gy\u00fajt\u00f3forr\u00e1st\u00f3l korl\u00e1tlan t\u00e1vols\u00e1gra be\u00e9p\u00edthet\u0151, nyom\u00f3- \u00e9s sz\u00edv\u00f3\u00e1gba is telep\u00edthet\u0151.<\/p>\n\t\t<\/div>\n\t\t\n\t\t<a class=\"elementor-post__read-more\" href=\"http:\/\/foldfem.hu\/hu\/2021\/05\/04\/f-d-f-s-detonaciozar\/\" aria-label=\"Read more about F-D\/F-S\" tabindex=\"-1\" >\n\t\t\tTudj meg t\u00f6bbet \u00bb\t\t<\/a>\n\n\t\t\t\t<\/div>\n\t\t\t\t\t<\/div>\n\t\t<\/article>\n\t\t\t\t<article class=\"elementor-post elementor-grid-item post-813 post type-post status-publish format-standard hentry category-detonaciozarak category-langathatolasgatlok-olajipari-vegyipari-gyogyszeripari-szerelvenyek entry\" role=\"listitem\">\n\t\t\t<div class=\"elementor-post__card\">\n\t\t\t\t<div class=\"elementor-post__text\">\n\t\t\t\t<h3 class=\"elementor-post__title\">\n\t\t\t<a href=\"http:\/\/foldfem.hu\/hu\/2021\/05\/04\/f-d-f-l-detonaciozar\/\" >\n\t\t\t\tF-D\/F-L\t\t\t<\/a>\n\t\t<\/h3>\n\t\t\t\t<div class=\"elementor-post__excerpt\">\n\t\t\t<p>Folyad\u00e9kz\u00e1ras deton\u00e1ci\u00f3z\u00e1r hangsebess\u00e9g feletti l\u00e1ngterjed\u00e9si sebes\u00e9get meghalad\u00f3 stabil \u00e9s instabil deton\u00e1ci\u00f3khoz, IIB3 robban\u00e1si alcsoportba sorolt g\u00e1zokhoz\/g\u0151z\u00f6kh\u00f6z. Gy\u00fajt\u00f3forr\u00e1st\u00f3l korl\u00e1tlan t\u00e1vols\u00e1gra be\u00e9p\u00edthet\u0151, kiz\u00e1r\u00f3lag nyom\u00f3\u00e1gba telep\u00edthet\u0151. El\u00e9rhet\u0151 m\u00e9retek:<\/p>\n\t\t<\/div>\n\t\t\n\t\t<a class=\"elementor-post__read-more\" href=\"http:\/\/foldfem.hu\/hu\/2021\/05\/04\/f-d-f-l-detonaciozar\/\" aria-label=\"Read more about F-D\/F-L\" tabindex=\"-1\" >\n\t\t\tTudj meg t\u00f6bbet \u00bb\t\t<\/a>\n\n\t\t\t\t<\/div>\n\t\t\t\t\t<\/div>\n\t\t<\/article>\n\t\t\t\t<article class=\"elementor-post elementor-grid-item post-794 post type-post status-publish format-standard hentry category-detonaciozarak category-langathatolasgatlok-olajipari-vegyipari-gyogyszeripari-szerelvenyek entry\" role=\"listitem\">\n\t\t\t<div class=\"elementor-post__card\">\n\t\t\t\t<div class=\"elementor-post__text\">\n\t\t\t\t<h3 class=\"elementor-post__title\">\n\t\t\t<a href=\"http:\/\/foldfem.hu\/hu\/2021\/05\/04\/f-d-4-05-detonaciozar\/\" >\n\t\t\t\tF-D\/4-05\t\t\t<\/a>\n\t\t<\/h3>\n\t\t\t\t<div class=\"elementor-post__excerpt\">\n\t\t\t<p>Deton\u00e1ci\u00f3z\u00e1r hangsebess\u00e9g feletti l\u00e1ngterjed\u00e9si sebess\u00e9get meghalad\u00f3 stabil \u00e9s instabil deton\u00e1ci\u00f3khoz, IIA robban\u00e1si alcsoportba sorolt g\u00e1zokhoz\/g\u0151z\u00f6kh\u00f6z. Gy\u00fajt\u00f3forr\u00e1st\u00f3l korl\u00e1tlan t\u00e1vols\u00e1gra be\u00e9p\u00edthet\u0151. Cs\u0151vezet\u00e9k k\u00f6z\u00e9 \u00e9p\u00edthet\u0151 kivitelben. El\u00e9rhet\u0151 m\u00e9retek:<\/p>\n\t\t<\/div>\n\t\t\n\t\t<a class=\"elementor-post__read-more\" href=\"http:\/\/foldfem.hu\/hu\/2021\/05\/04\/f-d-4-05-detonaciozar\/\" aria-label=\"Read more about F-D\/4-05\" tabindex=\"-1\" >\n\t\t\tTudj meg t\u00f6bbet \u00bb\t\t<\/a>\n\n\t\t\t\t<\/div>\n\t\t\t\t\t<\/div>\n\t\t<\/article>\n\t\t\t\t<\/div>\n\t\t\n\t\t\t\t\t\t<\/div>\n\t\t\t\t<\/div>\n\t\t\t\t<div class=\"elementor-element elementor-element-358e03c elementor-widget elementor-widget-spacer\" data-id=\"358e03c\" data-element_type=\"widget\" data-widget_type=\"spacer.default\">\n\t\t\t\t<div class=\"elementor-widget-container\">\n\t\t\t\t\t\t\t<div class=\"elementor-spacer\">\n\t\t\t<div class=\"elementor-spacer-inner\"><\/div>\n\t\t<\/div>\n\t\t\t\t\t\t<\/div>\n\t\t\t\t<\/div>\n\t\t\t\t\t<\/div>\n\t\t<\/div>\n\t\t\t\t\t<\/div>\n\t\t<\/section>\n\t\t\t\t<section class=\"elementor-section elementor-top-section elementor-element elementor-element-66ccf42 elementor-section-boxed elementor-section-height-default elementor-section-height-default\" data-id=\"66ccf42\" data-element_type=\"section\">\n\t\t\t\t\t\t<div class=\"elementor-container elementor-column-gap-default\">\n\t\t\t\t\t<div class=\"elementor-column elementor-col-100 elementor-top-column elementor-element elementor-element-330a6cc\" data-id=\"330a6cc\" data-element_type=\"column\">\n\t\t\t<div class=\"elementor-widget-wrap elementor-element-populated\">\n\t\t\t\t\t\t<div class=\"elementor-element elementor-element-f4ef75c elementor-align-center elementor-widget elementor-widget-button\" data-id=\"f4ef75c\" data-element_type=\"widget\" data-widget_type=\"button.default\">\n\t\t\t\t<div class=\"elementor-widget-container\">\n\t\t\t\t\t\t\t\t\t<div class=\"elementor-button-wrapper\">\n\t\t\t\t\t<a class=\"elementor-button elementor-button-link elementor-size-md\" href=\"http:\/\/foldfem.hu\/termekek\/\">\n\t\t\t\t\t\t<span class=\"elementor-button-content-wrapper\">\n\t\t\t\t\t\t<span class=\"elementor-button-icon\">\n\t\t\t\t<i aria-hidden=\"true\" class=\"fas fa-arrow-left\"><\/i>\t\t\t<\/span>\n\t\t\t\t\t\t\t\t\t<span class=\"elementor-button-text\">Term\u00e9kek<\/span>\n\t\t\t\t\t<\/span>\n\t\t\t\t\t<\/a>\n\t\t\t\t<\/div>\n\t\t\t\t\t\t\t\t<\/div>\n\t\t\t\t<\/div>\n\t\t\t\t\t<\/div>\n\t\t<\/div>\n\t\t\t\t\t<\/div>\n\t\t<\/section>\n\t\t\t\t<\/div>\n\t\t","protected":false},"excerpt":{"rendered":"<p>L\u00e1ng\u00e1thatol\u00e1sg\u00e1tl\u00f3k Olajipari, vegyipari, gy\u00f3gyszeripari szerelv\u00e9nyek deflagr\u00e1ci\u00f3z\u00e1rak L\u00e1ngz\u00e1rak Deton\u00e1ci\u00f3z\u00e1rak Term\u00e9kek<\/p>\n","protected":false},"author":1,"featured_media":0,"parent":0,"menu_order":0,"comment_status":"closed","ping_status":"closed","template":"","meta":{"inline_featured_image":false,"ocean_post_layout":"","ocean_both_sidebars_style":"","ocean_both_sidebars_content_width":0,"ocean_both_sidebars_sidebars_width":0,"ocean_sidebar":"0","ocean_second_sidebar":"0","ocean_disable_margins":"enable","ocean_add_body_class":"","ocean_shortcode_before_top_bar":"","ocean_shortcode_after_top_bar":"","ocean_shortcode_before_header":"","ocean_shortcode_after_header":"","ocean_has_shortcode":"","ocean_shortcode_after_title":"","ocean_shortcode_before_footer_widgets":"","ocean_shortcode_after_footer_widgets":"","ocean_shortcode_before_footer_bottom":"","ocean_shortcode_after_footer_bottom":"","ocean_display_top_bar":"default","ocean_display_header":"default","ocean_header_style":"","ocean_center_header_left_menu":"0","ocean_custom_header_template":"0","ocean_custom_logo":0,"ocean_custom_retina_logo":0,"ocean_custom_logo_max_width":0,"ocean_custom_logo_tablet_max_width":0,"ocean_custom_logo_mobile_max_width":0,"ocean_custom_logo_max_height":0,"ocean_custom_logo_tablet_max_height":0,"ocean_custom_logo_mobile_max_height":0,"ocean_header_custom_menu":"0","ocean_menu_typo_font_family":"0","ocean_menu_typo_font_subset":"","ocean_menu_typo_font_size":0,"ocean_menu_typo_font_size_tablet":0,"ocean_menu_typo_font_size_mobile":0,"ocean_menu_typo_font_size_unit":"px","ocean_menu_typo_font_weight":"","ocean_menu_typo_font_weight_tablet":"","ocean_menu_typo_font_weight_mobile":"","ocean_menu_typo_transform":"","ocean_menu_typo_transform_tablet":"","ocean_menu_typo_transform_mobile":"","ocean_menu_typo_line_height":0,"ocean_menu_typo_line_height_tablet":0,"ocean_menu_typo_line_height_mobile":0,"ocean_menu_typo_line_height_unit":"","ocean_menu_typo_spacing":0,"ocean_menu_typo_spacing_tablet":0,"ocean_menu_typo_spacing_mobile":0,"ocean_menu_typo_spacing_unit":"","ocean_menu_link_color":"","ocean_menu_link_color_hover":"","ocean_menu_link_color_active":"","ocean_menu_link_background":"","ocean_menu_link_hover_background":"","ocean_menu_link_active_background":"","ocean_menu_social_links_bg":"","ocean_menu_social_hover_links_bg":"","ocean_menu_social_links_color":"","ocean_menu_social_hover_links_color":"","ocean_disable_title":"default","ocean_disable_heading":"default","ocean_post_title":"","ocean_post_subheading":"","ocean_post_title_style":"","ocean_post_title_background_color":"","ocean_post_title_background":0,"ocean_post_title_bg_image_position":"","ocean_post_title_bg_image_attachment":"","ocean_post_title_bg_image_repeat":"","ocean_post_title_bg_image_size":"","ocean_post_title_height":0,"ocean_post_title_bg_overlay":0.5,"ocean_post_title_bg_overlay_color":"","ocean_disable_breadcrumbs":"default","ocean_breadcrumbs_color":"","ocean_breadcrumbs_separator_color":"","ocean_breadcrumbs_links_color":"","ocean_breadcrumbs_links_hover_color":"","ocean_display_footer_widgets":"default","ocean_display_footer_bottom":"default","ocean_custom_footer_template":"0","footnotes":""},"class_list":["post-1121","page","type-page","status-publish","hentry","entry"],"_links":{"self":[{"href":"http:\/\/foldfem.hu\/hu\/wp-json\/wp\/v2\/pages\/1121","targetHints":{"allow":["GET"]}}],"collection":[{"href":"http:\/\/foldfem.hu\/hu\/wp-json\/wp\/v2\/pages"}],"about":[{"href":"http:\/\/foldfem.hu\/hu\/wp-json\/wp\/v2\/types\/page"}],"author":[{"embeddable":true,"href":"http:\/\/foldfem.hu\/hu\/wp-json\/wp\/v2\/users\/1"}],"replies":[{"embeddable":true,"href":"http:\/\/foldfem.hu\/hu\/wp-json\/wp\/v2\/comments?post=1121"}],"version-history":[{"count":16,"href":"http:\/\/foldfem.hu\/hu\/wp-json\/wp\/v2\/pages\/1121\/revisions"}],"predecessor-version":[{"id":1247,"href":"http:\/\/foldfem.hu\/hu\/wp-json\/wp\/v2\/pages\/1121\/revisions\/1247"}],"wp:attachment":[{"href":"http:\/\/foldfem.hu\/hu\/wp-json\/wp\/v2\/media?parent=1121"}],"curies":[{"name":"wp","href":"https:\/\/api.w.org\/{rel}","templated":true}]}}