{"id":375,"date":"2021-03-24T15:41:53","date_gmt":"2021-03-24T15:41:53","guid":{"rendered":"http:\/\/foldfem.hu\/?page_id=375"},"modified":"2021-03-24T21:06:40","modified_gmt":"2021-03-24T21:06:40","slug":"about","status":"publish","type":"page","link":"http:\/\/foldfem.hu\/en\/about\/","title":{"rendered":"About"},"content":{"rendered":"<div data-elementor-type=\"wp-page\" data-elementor-id=\"375\" class=\"elementor elementor-375\" data-elementor-post-type=\"page\">\n\t\t\t\t\t\t<section class=\"elementor-section elementor-top-section elementor-element elementor-element-b5fc04e elementor-section-boxed elementor-section-height-default elementor-section-height-default\" data-id=\"b5fc04e\" data-element_type=\"section\" data-settings=\"{&quot;background_background&quot;:&quot;classic&quot;}\">\n\t\t\t\t\t\t<div class=\"elementor-container elementor-column-gap-default\">\n\t\t\t\t\t<div class=\"elementor-column elementor-col-100 elementor-top-column elementor-element elementor-element-6b86937\" data-id=\"6b86937\" data-element_type=\"column\">\n\t\t\t<div class=\"elementor-widget-wrap elementor-element-populated\">\n\t\t\t\t\t\t<div class=\"elementor-element elementor-element-4762703 elementor-widget elementor-widget-heading\" data-id=\"4762703\" data-element_type=\"widget\" data-widget_type=\"heading.default\">\n\t\t\t\t<div class=\"elementor-widget-container\">\n\t\t\t\t\t<h1 class=\"elementor-heading-title elementor-size-default\">About<\/h1>\t\t\t\t<\/div>\n\t\t\t\t<\/div>\n\t\t\t\t\t<\/div>\n\t\t<\/div>\n\t\t\t\t\t<\/div>\n\t\t<\/section>\n\t\t\t\t<section class=\"elementor-section elementor-top-section elementor-element elementor-element-571ccda elementor-section-boxed elementor-section-height-default elementor-section-height-default\" data-id=\"571ccda\" data-element_type=\"section\">\n\t\t\t\t\t\t<div class=\"elementor-container elementor-column-gap-default\">\n\t\t\t\t\t<div class=\"elementor-column elementor-col-100 elementor-top-column elementor-element elementor-element-3b95aff\" data-id=\"3b95aff\" data-element_type=\"column\">\n\t\t\t<div class=\"elementor-widget-wrap elementor-element-populated\">\n\t\t\t\t\t\t<div class=\"elementor-element elementor-element-918ff20 elementor-widget elementor-widget-heading\" data-id=\"918ff20\" data-element_type=\"widget\" data-widget_type=\"heading.default\">\n\t\t\t\t<div class=\"elementor-widget-container\">\n\t\t\t\t\t<h2 class=\"elementor-heading-title elementor-size-default\">About<\/h2>\t\t\t\t<\/div>\n\t\t\t\t<\/div>\n\t\t\t\t<div class=\"elementor-element elementor-element-4c5e88b elementor-widget elementor-widget-text-editor\" data-id=\"4c5e88b\" data-element_type=\"widget\" data-widget_type=\"text-editor.default\">\n\t\t\t\t<div class=\"elementor-widget-container\">\n\t\t\t\t\t\t\t\t\t<p>Welcome to the website of F\u00d6LDF\u00c9M Machine Manufacturing and Repair Ltd!<\/p><p>Our company was founded in 1989, with its main activity being the design and manufacture of steel structures, which was supplemented in 1992 by the development, manufacture, and sale of safety fittings for use in potentially explosive environments.<\/p><p>Since the early 2000s, the scope of activities has expanded further with the utilization of industrial properties, the development of approximately 5 hectares of industrial land in Vecs\u00e9s and approximately 4 hectares in Pilis, as well as growing market demand. The founders and owners of our company are 100% Hungarian private individuals.<\/p><p>Our main activity is the design, manufacture and sale of unique, small and large series components, steel structures, mechanical engineering equipment, and safety fittings for use in fire and explosion hazardous environments.<\/p><p>The quality compliance of our products is guaranteed by the quality management system operated in accordance with ISO 9001:2015, which we have been operating continuously since 1997. The development and manufacture of fittings used by our company in potentially explosive atmospheres is inspected by ExV\u00c1 Vizsg\u00e1l\u00f3 \u00e9s Tan\u00fas\u00edt\u00f3 Kft., a company designated by the ministry, in accordance with the \"type conformity assessment procedure based on product quality assurance\" specified in Directive 2014\/34\/EU, Module E.<\/p><p>We strive to perform our work at the highest possible standard, both technically and qualitatively, while complying with the relevant technical, occupational safety, and health requirements and regulations.<\/p><p>The decades of design, technical, and manufacturing experience of our highly trained colleagues, as well as the use of state-of-the-art technologies and equipment in our plant, contribute greatly to ensuring that we can meet the needs of our customers at all times.<\/p><p>Whether it involves the machining of carbon steel, aluminum, stainless steel, acid-resistant steel, or even special-grade steels, or the design and manufacture of steel structures and mechanical engineering equipment, we are at our customers' service.<\/p>\t\t\t\t\t\t\t\t<\/div>\n\t\t\t\t<\/div>\n\t\t\t\t\t<\/div>\n\t\t<\/div>\n\t\t\t\t\t<\/div>\n\t\t<\/section>\n\t\t\t\t<section class=\"elementor-section elementor-top-section elementor-element elementor-element-d38a7f3 elementor-section-boxed elementor-section-height-default elementor-section-height-default\" data-id=\"d38a7f3\" data-element_type=\"section\">\n\t\t\t\t\t\t<div class=\"elementor-container elementor-column-gap-default\">\n\t\t\t\t\t<div class=\"elementor-column elementor-col-100 elementor-top-column elementor-element elementor-element-68a0bea\" data-id=\"68a0bea\" data-element_type=\"column\">\n\t\t\t<div class=\"elementor-widget-wrap elementor-element-populated\">\n\t\t\t\t\t\t<div class=\"elementor-element elementor-element-385bfb5 elementor-widget elementor-widget-heading\" data-id=\"385bfb5\" data-element_type=\"widget\" data-widget_type=\"heading.default\">\n\t\t\t\t<div class=\"elementor-widget-container\">\n\t\t\t\t\t<h2 class=\"elementor-heading-title elementor-size-default\">Our Partners<\/h2>\t\t\t\t<\/div>\n\t\t\t\t<\/div>\n\t\t\t\t<div class=\"elementor-element elementor-element-f62d7de elementor-widget elementor-widget-gallery\" data-id=\"f62d7de\" data-element_type=\"widget\" data-settings=\"{&quot;columns&quot;:3,&quot;gap&quot;:{&quot;unit&quot;:&quot;px&quot;,&quot;size&quot;:30,&quot;sizes&quot;:[]},&quot;aspect_ratio&quot;:&quot;16:9&quot;,&quot;lazyload&quot;:&quot;yes&quot;,&quot;gallery_layout&quot;:&quot;grid&quot;,&quot;columns_tablet&quot;:2,&quot;columns_mobile&quot;:1,&quot;gap_tablet&quot;:{&quot;unit&quot;:&quot;px&quot;,&quot;size&quot;:10,&quot;sizes&quot;:[]},&quot;gap_mobile&quot;:{&quot;unit&quot;:&quot;px&quot;,&quot;size&quot;:10,&quot;sizes&quot;:[]},&quot;link_to&quot;:&quot;file&quot;,&quot;overlay_background&quot;:&quot;yes&quot;,&quot;content_hover_animation&quot;:&quot;fade-in&quot;}\" data-widget_type=\"gallery.default\">\n\t\t\t\t<div class=\"elementor-widget-container\">\n\t\t\t\t\t\t\t<div class=\"elementor-gallery__container\">\n\t\t\t\t\t\t\t<a class=\"e-gallery-item elementor-gallery-item elementor-animated-content\" href=\"http:\/\/foldfem.hu\/wp-content\/uploads\/2021\/03\/partner_teva.png\" data-elementor-open-lightbox=\"yes\" data-elementor-lightbox-slideshow=\"f62d7de\" data-elementor-lightbox-title=\"partner_teva\" data-e-action-hash=\"#elementor-action%3Aaction%3Dlightbox%26settings%3DeyJpZCI6NDUsInVybCI6Imh0dHA6XC9cL2ZvbGRmZW0uaHVcL3dwLWNvbnRlbnRcL3VwbG9hZHNcLzIwMjFcLzAzXC9wYXJ0bmVyX3RldmEucG5nIiwic2xpZGVzaG93IjoiZjYyZDdkZSJ9\">\n\t\t\t\t\t<div class=\"e-gallery-image elementor-gallery-item__image\" data-thumbnail=\"http:\/\/foldfem.hu\/wp-content\/uploads\/2021\/03\/partner_teva.png\" data-width=\"220\" data-height=\"150\" aria-label=\"\" role=\"img\" ><\/div>\n\t\t\t\t\t\t\t\t\t\t\t<div class=\"elementor-gallery-item__overlay\"><\/div>\n\t\t\t\t\t\t\t\t\t\t\t\t\t\t<\/a>\n\t\t\t\t\t\t\t<a class=\"e-gallery-item elementor-gallery-item elementor-animated-content\" href=\"http:\/\/foldfem.hu\/wp-content\/uploads\/2021\/03\/partner_sanofi.png\" data-elementor-open-lightbox=\"yes\" data-elementor-lightbox-slideshow=\"f62d7de\" data-elementor-lightbox-title=\"partner_sanofi\" data-e-action-hash=\"#elementor-action%3Aaction%3Dlightbox%26settings%3DeyJpZCI6NDQsInVybCI6Imh0dHA6XC9cL2ZvbGRmZW0uaHVcL3dwLWNvbnRlbnRcL3VwbG9hZHNcLzIwMjFcLzAzXC9wYXJ0bmVyX3Nhbm9maS5wbmciLCJzbGlkZXNob3ciOiJmNjJkN2RlIn0%3D\">\n\t\t\t\t\t<div class=\"e-gallery-image elementor-gallery-item__image\" data-thumbnail=\"http:\/\/foldfem.hu\/wp-content\/uploads\/2021\/03\/partner_sanofi.png\" data-width=\"220\" data-height=\"150\" aria-label=\"\" role=\"img\" ><\/div>\n\t\t\t\t\t\t\t\t\t\t\t<div class=\"elementor-gallery-item__overlay\"><\/div>\n\t\t\t\t\t\t\t\t\t\t\t\t\t\t<\/a>\n\t\t\t\t\t\t\t<a class=\"e-gallery-item elementor-gallery-item elementor-animated-content\" href=\"http:\/\/foldfem.hu\/wp-content\/uploads\/2021\/03\/partner_richter.png\" data-elementor-open-lightbox=\"yes\" data-elementor-lightbox-slideshow=\"f62d7de\" data-elementor-lightbox-title=\"partner_richter\" data-e-action-hash=\"#elementor-action%3Aaction%3Dlightbox%26settings%3DeyJpZCI6NDMsInVybCI6Imh0dHA6XC9cL2ZvbGRmZW0uaHVcL3dwLWNvbnRlbnRcL3VwbG9hZHNcLzIwMjFcLzAzXC9wYXJ0bmVyX3JpY2h0ZXIucG5nIiwic2xpZGVzaG93IjoiZjYyZDdkZSJ9\">\n\t\t\t\t\t<div class=\"e-gallery-image elementor-gallery-item__image\" data-thumbnail=\"http:\/\/foldfem.hu\/wp-content\/uploads\/2021\/03\/partner_richter.png\" data-width=\"220\" data-height=\"150\" aria-label=\"\" role=\"img\" ><\/div>\n\t\t\t\t\t\t\t\t\t\t\t<div class=\"elementor-gallery-item__overlay\"><\/div>\n\t\t\t\t\t\t\t\t\t\t\t\t\t\t<\/a>\n\t\t\t\t\t\t\t<a class=\"e-gallery-item elementor-gallery-item elementor-animated-content\" href=\"http:\/\/foldfem.hu\/wp-content\/uploads\/2021\/03\/partner_mol.png\" data-elementor-open-lightbox=\"yes\" data-elementor-lightbox-slideshow=\"f62d7de\" data-elementor-lightbox-title=\"partner_mol\" data-e-action-hash=\"#elementor-action%3Aaction%3Dlightbox%26settings%3DeyJpZCI6NDIsInVybCI6Imh0dHA6XC9cL2ZvbGRmZW0uaHVcL3dwLWNvbnRlbnRcL3VwbG9hZHNcLzIwMjFcLzAzXC9wYXJ0bmVyX21vbC5wbmciLCJzbGlkZXNob3ciOiJmNjJkN2RlIn0%3D\">\n\t\t\t\t\t<div class=\"e-gallery-image elementor-gallery-item__image\" data-thumbnail=\"http:\/\/foldfem.hu\/wp-content\/uploads\/2021\/03\/partner_mol.png\" data-width=\"220\" data-height=\"150\" aria-label=\"\" role=\"img\" ><\/div>\n\t\t\t\t\t\t\t\t\t\t\t<div class=\"elementor-gallery-item__overlay\"><\/div>\n\t\t\t\t\t\t\t\t\t\t\t\t\t\t<\/a>\n\t\t\t\t\t\t\t<a class=\"e-gallery-item elementor-gallery-item elementor-animated-content\" href=\"http:\/\/foldfem.hu\/wp-content\/uploads\/2021\/03\/partner_egis.png\" data-elementor-open-lightbox=\"yes\" data-elementor-lightbox-slideshow=\"f62d7de\" data-elementor-lightbox-title=\"partner_egis\" data-e-action-hash=\"#elementor-action%3Aaction%3Dlightbox%26settings%3DeyJpZCI6NDEsInVybCI6Imh0dHA6XC9cL2ZvbGRmZW0uaHVcL3dwLWNvbnRlbnRcL3VwbG9hZHNcLzIwMjFcLzAzXC9wYXJ0bmVyX2VnaXMucG5nIiwic2xpZGVzaG93IjoiZjYyZDdkZSJ9\">\n\t\t\t\t\t<div class=\"e-gallery-image elementor-gallery-item__image\" data-thumbnail=\"http:\/\/foldfem.hu\/wp-content\/uploads\/2021\/03\/partner_egis.png\" data-width=\"220\" data-height=\"150\" aria-label=\"\" role=\"img\" ><\/div>\n\t\t\t\t\t\t\t\t\t\t\t<div class=\"elementor-gallery-item__overlay\"><\/div>\n\t\t\t\t\t\t\t\t\t\t\t\t\t\t<\/a>\n\t\t\t\t\t\t\t<a class=\"e-gallery-item elementor-gallery-item elementor-animated-content\" href=\"http:\/\/foldfem.hu\/wp-content\/uploads\/2021\/03\/partner_borsodchem.png\" data-elementor-open-lightbox=\"yes\" data-elementor-lightbox-slideshow=\"f62d7de\" data-elementor-lightbox-title=\"partner_borsodchem\" data-e-action-hash=\"#elementor-action%3Aaction%3Dlightbox%26settings%3DeyJpZCI6NDAsInVybCI6Imh0dHA6XC9cL2ZvbGRmZW0uaHVcL3dwLWNvbnRlbnRcL3VwbG9hZHNcLzIwMjFcLzAzXC9wYXJ0bmVyX2JvcnNvZGNoZW0ucG5nIiwic2xpZGVzaG93IjoiZjYyZDdkZSJ9\">\n\t\t\t\t\t<div class=\"e-gallery-image elementor-gallery-item__image\" data-thumbnail=\"http:\/\/foldfem.hu\/wp-content\/uploads\/2021\/03\/partner_borsodchem.png\" data-width=\"220\" data-height=\"150\" aria-label=\"\" role=\"img\" ><\/div>\n\t\t\t\t\t\t\t\t\t\t\t<div class=\"elementor-gallery-item__overlay\"><\/div>\n\t\t\t\t\t\t\t\t\t\t\t\t\t\t<\/a>\n\t\t\t\t\t\t\t<a class=\"e-gallery-item elementor-gallery-item elementor-animated-content\" href=\"http:\/\/foldfem.hu\/wp-content\/uploads\/2021\/03\/magyar_honvedseg.png\" data-elementor-open-lightbox=\"yes\" data-elementor-lightbox-slideshow=\"f62d7de\" data-elementor-lightbox-title=\"magyar_honvedseg\" data-e-action-hash=\"#elementor-action%3Aaction%3Dlightbox%26settings%3DeyJpZCI6NDIzLCJ1cmwiOiJodHRwOlwvXC9mb2xkZmVtLmh1XC93cC1jb250ZW50XC91cGxvYWRzXC8yMDIxXC8wM1wvbWFneWFyX2hvbnZlZHNlZy5wbmciLCJzbGlkZXNob3ciOiJmNjJkN2RlIn0%3D\">\n\t\t\t\t\t<div class=\"e-gallery-image elementor-gallery-item__image\" data-thumbnail=\"http:\/\/foldfem.hu\/wp-content\/uploads\/2021\/03\/magyar_honvedseg.png\" data-width=\"220\" data-height=\"150\" aria-label=\"\" role=\"img\" ><\/div>\n\t\t\t\t\t\t\t\t\t\t\t<div class=\"elementor-gallery-item__overlay\"><\/div>\n\t\t\t\t\t\t\t\t\t\t\t\t\t\t<\/a>\n\t\t\t\t\t\t\t<a class=\"e-gallery-item elementor-gallery-item elementor-animated-content\" href=\"http:\/\/foldfem.hu\/wp-content\/uploads\/2021\/03\/multinox.png\" data-elementor-open-lightbox=\"yes\" data-elementor-lightbox-slideshow=\"f62d7de\" data-elementor-lightbox-title=\"multinox\" data-e-action-hash=\"#elementor-action%3Aaction%3Dlightbox%26settings%3DeyJpZCI6NDI0LCJ1cmwiOiJodHRwOlwvXC9mb2xkZmVtLmh1XC93cC1jb250ZW50XC91cGxvYWRzXC8yMDIxXC8wM1wvbXVsdGlub3gucG5nIiwic2xpZGVzaG93IjoiZjYyZDdkZSJ9\">\n\t\t\t\t\t<div class=\"e-gallery-image elementor-gallery-item__image\" data-thumbnail=\"http:\/\/foldfem.hu\/wp-content\/uploads\/2021\/03\/multinox.png\" data-width=\"220\" data-height=\"150\" aria-label=\"\" role=\"img\" ><\/div>\n\t\t\t\t\t\t\t\t\t\t\t<div class=\"elementor-gallery-item__overlay\"><\/div>\n\t\t\t\t\t\t\t\t\t\t\t\t\t\t<\/a>\n\t\t\t\t\t\t\t<a class=\"e-gallery-item elementor-gallery-item elementor-animated-content\" href=\"http:\/\/foldfem.hu\/wp-content\/uploads\/2021\/03\/kraftszer.png\" data-elementor-open-lightbox=\"yes\" data-elementor-lightbox-slideshow=\"f62d7de\" data-elementor-lightbox-title=\"kraftszer\" data-e-action-hash=\"#elementor-action%3Aaction%3Dlightbox%26settings%3DeyJpZCI6NDI1LCJ1cmwiOiJodHRwOlwvXC9mb2xkZmVtLmh1XC93cC1jb250ZW50XC91cGxvYWRzXC8yMDIxXC8wM1wva3JhZnRzemVyLnBuZyIsInNsaWRlc2hvdyI6ImY2MmQ3ZGUifQ%3D%3D\">\n\t\t\t\t\t<div class=\"e-gallery-image elementor-gallery-item__image\" data-thumbnail=\"http:\/\/foldfem.hu\/wp-content\/uploads\/2021\/03\/kraftszer.png\" data-width=\"220\" data-height=\"150\" aria-label=\"\" role=\"img\" ><\/div>\n\t\t\t\t\t\t\t\t\t\t\t<div class=\"elementor-gallery-item__overlay\"><\/div>\n\t\t\t\t\t\t\t\t\t\t\t\t\t\t<\/a>\n\t\t\t\t\t\t\t<a class=\"e-gallery-item elementor-gallery-item elementor-animated-content\" href=\"http:\/\/foldfem.hu\/wp-content\/uploads\/2021\/03\/petrol_acis.png\" data-elementor-open-lightbox=\"yes\" data-elementor-lightbox-slideshow=\"f62d7de\" data-elementor-lightbox-title=\"petrol_acis\" data-e-action-hash=\"#elementor-action%3Aaction%3Dlightbox%26settings%3DeyJpZCI6NDI2LCJ1cmwiOiJodHRwOlwvXC9mb2xkZmVtLmh1XC93cC1jb250ZW50XC91cGxvYWRzXC8yMDIxXC8wM1wvcGV0cm9sX2FjaXMucG5nIiwic2xpZGVzaG93IjoiZjYyZDdkZSJ9\">\n\t\t\t\t\t<div class=\"e-gallery-image elementor-gallery-item__image\" data-thumbnail=\"http:\/\/foldfem.hu\/wp-content\/uploads\/2021\/03\/petrol_acis.png\" data-width=\"220\" data-height=\"150\" aria-label=\"\" role=\"img\" ><\/div>\n\t\t\t\t\t\t\t\t\t\t\t<div class=\"elementor-gallery-item__overlay\"><\/div>\n\t\t\t\t\t\t\t\t\t\t\t\t\t\t<\/a>\n\t\t\t\t\t\t\t<a class=\"e-gallery-item elementor-gallery-item elementor-animated-content\" href=\"http:\/\/foldfem.hu\/wp-content\/uploads\/2021\/03\/gia.png\" data-elementor-open-lightbox=\"yes\" data-elementor-lightbox-slideshow=\"f62d7de\" data-elementor-lightbox-title=\"gia\" data-e-action-hash=\"#elementor-action%3Aaction%3Dlightbox%26settings%3DeyJpZCI6NDI3LCJ1cmwiOiJodHRwOlwvXC9mb2xkZmVtLmh1XC93cC1jb250ZW50XC91cGxvYWRzXC8yMDIxXC8wM1wvZ2lhLnBuZyIsInNsaWRlc2hvdyI6ImY2MmQ3ZGUifQ%3D%3D\">\n\t\t\t\t\t<div class=\"e-gallery-image elementor-gallery-item__image\" data-thumbnail=\"http:\/\/foldfem.hu\/wp-content\/uploads\/2021\/03\/gia.png\" data-width=\"220\" data-height=\"150\" aria-label=\"\" role=\"img\" ><\/div>\n\t\t\t\t\t\t\t\t\t\t\t<div class=\"elementor-gallery-item__overlay\"><\/div>\n\t\t\t\t\t\t\t\t\t\t\t\t\t\t<\/a>\n\t\t\t\t\t\t\t<a class=\"e-gallery-item elementor-gallery-item elementor-animated-content\" href=\"http:\/\/foldfem.hu\/wp-content\/uploads\/2021\/03\/ot_industries.png\" data-elementor-open-lightbox=\"yes\" data-elementor-lightbox-slideshow=\"f62d7de\" data-elementor-lightbox-title=\"ot_industries\" data-e-action-hash=\"#elementor-action%3Aaction%3Dlightbox%26settings%3DeyJpZCI6NDI4LCJ1cmwiOiJodHRwOlwvXC9mb2xkZmVtLmh1XC93cC1jb250ZW50XC91cGxvYWRzXC8yMDIxXC8wM1wvb3RfaW5kdXN0cmllcy5wbmciLCJzbGlkZXNob3ciOiJmNjJkN2RlIn0%3D\">\n\t\t\t\t\t<div class=\"e-gallery-image elementor-gallery-item__image\" data-thumbnail=\"http:\/\/foldfem.hu\/wp-content\/uploads\/2021\/03\/ot_industries.png\" data-width=\"220\" data-height=\"150\" aria-label=\"\" role=\"img\" ><\/div>\n\t\t\t\t\t\t\t\t\t\t\t<div class=\"elementor-gallery-item__overlay\"><\/div>\n\t\t\t\t\t\t\t\t\t\t\t\t\t\t<\/a>\n\t\t\t\t\t\t\t<a class=\"e-gallery-item elementor-gallery-item elementor-animated-content\" href=\"http:\/\/foldfem.hu\/wp-content\/uploads\/2021\/03\/barabas.png\" data-elementor-open-lightbox=\"yes\" data-elementor-lightbox-slideshow=\"f62d7de\" data-elementor-lightbox-title=\"barabas\" data-e-action-hash=\"#elementor-action%3Aaction%3Dlightbox%26settings%3DeyJpZCI6NDMwLCJ1cmwiOiJodHRwOlwvXC9mb2xkZmVtLmh1XC93cC1jb250ZW50XC91cGxvYWRzXC8yMDIxXC8wM1wvYmFyYWJhcy5wbmciLCJzbGlkZXNob3ciOiJmNjJkN2RlIn0%3D\">\n\t\t\t\t\t<div class=\"e-gallery-image elementor-gallery-item__image\" data-thumbnail=\"http:\/\/foldfem.hu\/wp-content\/uploads\/2021\/03\/barabas.png\" data-width=\"220\" data-height=\"150\" aria-label=\"\" role=\"img\" ><\/div>\n\t\t\t\t\t\t\t\t\t\t\t<div class=\"elementor-gallery-item__overlay\"><\/div>\n\t\t\t\t\t\t\t\t\t\t\t\t\t\t<\/a>\n\t\t\t\t\t\t\t<a class=\"e-gallery-item elementor-gallery-item elementor-animated-content\" href=\"http:\/\/foldfem.hu\/wp-content\/uploads\/2021\/03\/huntsman.png\" data-elementor-open-lightbox=\"yes\" data-elementor-lightbox-slideshow=\"f62d7de\" data-elementor-lightbox-title=\"huntsman\" data-e-action-hash=\"#elementor-action%3Aaction%3Dlightbox%26settings%3DeyJpZCI6NDMxLCJ1cmwiOiJodHRwOlwvXC9mb2xkZmVtLmh1XC93cC1jb250ZW50XC91cGxvYWRzXC8yMDIxXC8wM1wvaHVudHNtYW4ucG5nIiwic2xpZGVzaG93IjoiZjYyZDdkZSJ9\">\n\t\t\t\t\t<div class=\"e-gallery-image elementor-gallery-item__image\" data-thumbnail=\"http:\/\/foldfem.hu\/wp-content\/uploads\/2021\/03\/huntsman.png\" data-width=\"220\" data-height=\"150\" aria-label=\"\" role=\"img\" ><\/div>\n\t\t\t\t\t\t\t\t\t\t\t<div class=\"elementor-gallery-item__overlay\"><\/div>\n\t\t\t\t\t\t\t\t\t\t\t\t\t\t<\/a>\n\t\t\t\t\t<\/div>\n\t\t\t\t\t<\/div>\n\t\t\t\t<\/div>\n\t\t\t\t\t<\/div>\n\t\t<\/div>\n\t\t\t\t\t<\/div>\n\t\t<\/section>\n\t\t\t\t<\/div>","protected":false},"excerpt":{"rendered":"<p>Bemutatkoz\u00e1s R\u00f3lunk \u00dcdv\u00f6z\u00f6lj\u00fck a F\u00d6LDF\u00c9M G\u00e9pgy\u00e1rt\u00f3 \u00e9s Jav\u00edt\u00f3 Kft honlapj\u00e1n! T\u00e1rsas\u00e1gunk 1989-ben alakult, a f\u0151 tev\u00e9kenys\u00e9gi k\u00f6r ekkor ac\u00e9lszerkezetek tervez\u00e9se \u00e9s gy\u00e1rt\u00e1sa volt, mely 1992-t\u0151l kieg\u00e9sz\u00fclt a potenci\u00e1lisan robban\u00e1svesz\u00e9lyes k\u00f6rnyezetben alkalmazhat\u00f3 biztons\u00e1gi szerelv\u00e9nyek fejleszt\u00e9s\u00e9vel, gy\u00e1rt\u00e1s\u00e1val \u00e9s kereskedelm\u00e9vel. A 2000-es \u00e9vek elej\u00e9t\u0151l a tev\u00e9kenys\u00e9gi k\u00f6r tov\u00e1bb b\u0151v\u00fclt ipari ingatlanok hasznos\u00edt\u00e1s\u00e1val a rendelkez\u00e9sre \u00e1ll\u00f3 kb. 5ha vecs\u00e9si [&hellip;]<\/p>","protected":false},"author":1,"featured_media":0,"parent":0,"menu_order":0,"comment_status":"closed","ping_status":"closed","template":"","meta":{"inline_featured_image":false,"ocean_post_layout":"","ocean_both_sidebars_style":"","ocean_both_sidebars_content_width":0,"ocean_both_sidebars_sidebars_width":0,"ocean_sidebar":"","ocean_second_sidebar":"","ocean_disable_margins":"enable","ocean_add_body_class":"","ocean_shortcode_before_top_bar":"","ocean_shortcode_after_top_bar":"","ocean_shortcode_before_header":"","ocean_shortcode_after_header":"","ocean_has_shortcode":"","ocean_shortcode_after_title":"","ocean_shortcode_before_footer_widgets":"","ocean_shortcode_after_footer_widgets":"","ocean_shortcode_before_footer_bottom":"","ocean_shortcode_after_footer_bottom":"","ocean_display_top_bar":"default","ocean_display_header":"default","ocean_header_style":"","ocean_center_header_left_menu":"","ocean_custom_header_template":"","ocean_custom_logo":0,"ocean_custom_retina_logo":0,"ocean_custom_logo_max_width":0,"ocean_custom_logo_tablet_max_width":0,"ocean_custom_logo_mobile_max_width":0,"ocean_custom_logo_max_height":0,"ocean_custom_logo_tablet_max_height":0,"ocean_custom_logo_mobile_max_height":0,"ocean_header_custom_menu":"","ocean_menu_typo_font_family":"","ocean_menu_typo_font_subset":"","ocean_menu_typo_font_size":0,"ocean_menu_typo_font_size_tablet":0,"ocean_menu_typo_font_size_mobile":0,"ocean_menu_typo_font_size_unit":"px","ocean_menu_typo_font_weight":"","ocean_menu_typo_font_weight_tablet":"","ocean_menu_typo_font_weight_mobile":"","ocean_menu_typo_transform":"","ocean_menu_typo_transform_tablet":"","ocean_menu_typo_transform_mobile":"","ocean_menu_typo_line_height":0,"ocean_menu_typo_line_height_tablet":0,"ocean_menu_typo_line_height_mobile":0,"ocean_menu_typo_line_height_unit":"","ocean_menu_typo_spacing":0,"ocean_menu_typo_spacing_tablet":0,"ocean_menu_typo_spacing_mobile":0,"ocean_menu_typo_spacing_unit":"","ocean_menu_link_color":"","ocean_menu_link_color_hover":"","ocean_menu_link_color_active":"","ocean_menu_link_background":"","ocean_menu_link_hover_background":"","ocean_menu_link_active_background":"","ocean_menu_social_links_bg":"","ocean_menu_social_hover_links_bg":"","ocean_menu_social_links_color":"","ocean_menu_social_hover_links_color":"","ocean_disable_title":"default","ocean_disable_heading":"default","ocean_post_title":"","ocean_post_subheading":"","ocean_post_title_style":"","ocean_post_title_background_color":"","ocean_post_title_background":0,"ocean_post_title_bg_image_position":"","ocean_post_title_bg_image_attachment":"","ocean_post_title_bg_image_repeat":"","ocean_post_title_bg_image_size":"","ocean_post_title_height":0,"ocean_post_title_bg_overlay":0.5,"ocean_post_title_bg_overlay_color":"","ocean_disable_breadcrumbs":"default","ocean_breadcrumbs_color":"","ocean_breadcrumbs_separator_color":"","ocean_breadcrumbs_links_color":"","ocean_breadcrumbs_links_hover_color":"","ocean_display_footer_widgets":"default","ocean_display_footer_bottom":"default","ocean_custom_footer_template":"","footnotes":""},"class_list":["post-375","page","type-page","status-publish","hentry","entry"],"_links":{"self":[{"href":"http:\/\/foldfem.hu\/en\/wp-json\/wp\/v2\/pages\/375","targetHints":{"allow":["GET"]}}],"collection":[{"href":"http:\/\/foldfem.hu\/en\/wp-json\/wp\/v2\/pages"}],"about":[{"href":"http:\/\/foldfem.hu\/en\/wp-json\/wp\/v2\/types\/page"}],"author":[{"embeddable":true,"href":"http:\/\/foldfem.hu\/en\/wp-json\/wp\/v2\/users\/1"}],"replies":[{"embeddable":true,"href":"http:\/\/foldfem.hu\/en\/wp-json\/wp\/v2\/comments?post=375"}],"version-history":[{"count":0,"href":"http:\/\/foldfem.hu\/en\/wp-json\/wp\/v2\/pages\/375\/revisions"}],"wp:attachment":[{"href":"http:\/\/foldfem.hu\/en\/wp-json\/wp\/v2\/media?parent=375"}],"curies":[{"name":"wp","href":"https:\/\/api.w.org\/{rel}","templated":true}]}}