{"id":1490,"date":"2024-07-15T00:29:57","date_gmt":"2024-07-15T00:29:57","guid":{"rendered":"http:\/\/foldfem.hu\/?page_id=1490"},"modified":"2026-04-02T14:29:32","modified_gmt":"2026-04-02T14:29:32","slug":"vekop-palyazat","status":"publish","type":"page","link":"http:\/\/foldfem.hu\/en\/vekop-palyazat\/","title":{"rendered":"vekop p\u00e1ly\u00e1zat"},"content":{"rendered":"<div data-elementor-type=\"wp-page\" data-elementor-id=\"1490\" class=\"elementor elementor-1490\" data-elementor-post-type=\"page\">\n\t\t\t\t\t\t<section class=\"elementor-section elementor-top-section elementor-element elementor-element-b5fc04e elementor-section-boxed elementor-section-height-default elementor-section-height-default\" data-id=\"b5fc04e\" data-element_type=\"section\" data-settings=\"{&quot;background_background&quot;:&quot;classic&quot;}\">\n\t\t\t\t\t\t<div class=\"elementor-container elementor-column-gap-default\">\n\t\t\t\t\t<div class=\"elementor-column elementor-col-100 elementor-top-column elementor-element elementor-element-6b86937\" data-id=\"6b86937\" data-element_type=\"column\">\n\t\t\t<div class=\"elementor-widget-wrap elementor-element-populated\">\n\t\t\t\t\t\t<div class=\"elementor-element elementor-element-4762703 elementor-widget elementor-widget-heading\" data-id=\"4762703\" data-element_type=\"widget\" data-widget_type=\"heading.default\">\n\t\t\t\t<div class=\"elementor-widget-container\">\n\t\t\t\t\t<h1 class=\"elementor-heading-title elementor-size-default\">p\u00e1ly\u00e1zat<\/h1>\t\t\t\t<\/div>\n\t\t\t\t<\/div>\n\t\t\t\t\t<\/div>\n\t\t<\/div>\n\t\t\t\t\t<\/div>\n\t\t<\/section>\n\t\t\t\t<section class=\"elementor-section elementor-top-section elementor-element elementor-element-571ccda elementor-section-boxed elementor-section-height-default elementor-section-height-default\" data-id=\"571ccda\" data-element_type=\"section\">\n\t\t\t\t\t\t<div class=\"elementor-container elementor-column-gap-default\">\n\t\t\t\t\t<div class=\"elementor-column elementor-col-100 elementor-top-column elementor-element elementor-element-3b95aff\" data-id=\"3b95aff\" data-element_type=\"column\">\n\t\t\t<div class=\"elementor-widget-wrap elementor-element-populated\">\n\t\t\t\t\t\t<div class=\"elementor-element elementor-element-918ff20 elementor-widget elementor-widget-heading\" data-id=\"918ff20\" data-element_type=\"widget\" data-widget_type=\"heading.default\">\n\t\t\t\t<div class=\"elementor-widget-container\">\n\t\t\t\t\t<h2 class=\"elementor-heading-title elementor-size-default\">Termel\u00e9stechnol\u00f3giai fejleszt\u00e9sek, ingatlan korszer\u0171s\u00edt\u00e9s \u00e9s -b\u0151v\u00edt\u00e9s a F\u00f6ldf\u00e9m Kft-n\u00e9l<\/h2>\t\t\t\t<\/div>\n\t\t\t\t<\/div>\n\t\t\t\t<div class=\"elementor-element elementor-element-95e2bb8 elementor-widget elementor-widget-image\" data-id=\"95e2bb8\" data-element_type=\"widget\" data-widget_type=\"image.default\">\n\t\t\t\t<div class=\"elementor-widget-container\">\n\t\t\t\t\t\t\t\t\t\t\t\t\t\t\t<img decoding=\"async\" src=\"http:\/\/foldfem.hu\/wp-content\/uploads\/elementor\/thumbs\/vekop_palyazat-pgaumopz6ylwc297wadeqrqjjqysi34s1wt681exfy.jpg\" title=\"vekop_palyazat\" alt=\"vekop_palyazat\" loading=\"lazy\" \/>\t\t\t\t\t\t\t\t\t\t\t\t\t\t\t<\/div>\n\t\t\t\t<\/div>\n\t\t\t\t<div class=\"elementor-element elementor-element-0046d69 elementor-widget elementor-widget-text-editor\" data-id=\"0046d69\" data-element_type=\"widget\" data-widget_type=\"text-editor.default\">\n\t\t\t\t<div class=\"elementor-widget-container\">\n\t\t\t\t\t\t\t\t\t<strong>V\u00e1llalkoz\u00e1sunk a VEKOP-1.2.6-20 k\u00f3dsz\u00e1m\u00fa, \u201eA mikro-, kis- \u00e9s k\u00f6z\u00e9pv\u00e1llalkoz\u00e1sok modern \u00fczleti \u00e9s termel\u00e9si kih\u00edv\u00e1sokhoz val\u00f3 alkalmazkod\u00e1s\u00e1t seg\u00edt\u0151 fejleszt\u00e9sek t\u00e1mogat\u00e1sa\u201d c\u00edm\u0171 t\u00e1mogat\u00e1si konstrukci\u00f3 keretei k\u00f6z\u00f6tt 53 milli\u00f3 Ft visszat\u00e9r\u00edtend\u0151 t\u00e1mogat\u00e1st nyert el termel\u0151eszk\u00f6z\u00f6k beszerz\u00e9s\u00e9re \u00e9s ingatlan korszer\u0171s\u00edt\u00e9sre.<\/strong>\n\n<strong>Kedvezm\u00e9nyezett neve:<\/strong> F\u00f6ldf\u00e9m G\u00e9pgy\u00e1rt\u00f3 \u00e9s Jav\u00edt\u00f3 Kft.\n\n<strong>A projekt c\u00edme:<\/strong> \u201eTermel\u00e9stechnol\u00f3giai fejleszt\u00e9sek, ingatlan korszer\u0171s\u00edt\u00e9s \u00e9s -b\u0151v\u00edt\u00e9s a F\u00f6ldf\u00e9m Kft-n\u00e9l\u201d.\n\n<strong>A projekt azonos\u00edt\u00f3sz\u00e1ma<\/strong>: VEKOP-1.2.6-20-2020-00976\n\n<strong>A projekt \u00f6sszk\u00f6lts\u00e9ge:<\/strong> nett\u00f3 75,72 milli\u00f3 Ft\n\n<strong>A t\u00e1mogat\u00e1s \u00f6sszege:<\/strong> 53.006.807 Ft\n\n<strong>A t\u00e1mogat\u00e1s m\u00e9rt\u00e9ke:<\/strong> Az \u00f6sszk\u00f6lts\u00e9g maximum 70%-\u00e1t el\u00e9r\u0151 visszat\u00e9r\u00edtend\u0151 t\u00e1mogat\u00e1s\n\n<strong>A projekt tartalma:<\/strong>\n\nA projekt keret\u00e9ben megval\u00f3sult a fest\u0151\u00fczem\/rakt\u00e1r b\u0151v\u00edt\u00e9se 150 nm alapter\u00fclet\u0171, k\u00f6nny\u0171szerkezetes h\u0151szigetelt \u00e9p\u00fcletr\u00e9sszel. A beruh\u00e1z\u00e1ssal lehet\u0151v\u00e9 v\u00e1lik a megrendel\u00e9sek kiszolg\u00e1l\u00e1si idej\u00e9nek cs\u00f6kkent\u00e9se, illetve a frissen porsz\u00f3rt term\u00e9kek sz\u00e1rad\u00e1s\u00e1hoz sz\u00fcks\u00e9ges \u00e1tmeneti t\u00e1rol\u00e1si probl\u00e9m\u00e1k kik\u00fcsz\u00f6b\u00f6l\u00e9se.\n\nMegval\u00f3sult tov\u00e1bb\u00e1 a megl\u00e9v\u0151 iroda\u00e9p\u00fclet homlokzati- \u00e9s f\u00f6d\u00e9mszigetel\u00e9se. Az \u00e9p\u00fclet polisztirol hablemezes h\u0151szigetel\u00e9st, a f\u00f6d\u00e9m k\u0151zetgyapot lemezes h\u0151szigetel\u00e9st kapott. Els\u0151dleges c\u00e9lunk az ergon\u00f3miai \u00e9s eszt\u00e9tikai szempontokon t\u00fal az energiahat\u00e9konys\u00e1g n\u00f6vel\u00e9se.\n\nA projekt keret\u00e9ben beszerz\u00e9sre ker\u00fcltek az al\u00e1bbi gy\u00e1rt\u00f3eszk\u00f6z\u00f6k:\n<ul>\n \t<li>1 db X6436 t\u00edpus\u00fa egyetemes mar\u00f3g\u00e9p<\/li>\n \t<li>1 db Hartford S10 t\u00edpus\u00fa CNC Megmunk\u00e1l\u00f3k\u00f6zpont<\/li>\n \t<li>1 db EPPLE SBS32 oszlopos f\u00far\u00f3g\u00e9p<\/li>\n \t<li>1 db Pilous 260 ARG-CON f\u0171r\u00e9szg\u00e9p<\/li>\n \t<li>1 db Caterpillar 1600 mm-es sz\u00e9less\u00e9g\u0171 fix r\u00e9zs\u0171kan\u00e1l<\/li>\n \t<li>1 db Caterpillar B8s hidraulikus bont\u00f3kalap\u00e1cs<\/li>\n \t<li>\u00c9lhajl\u00edt\u00f3 szersz\u00e1mok (7 db) megl\u00e9v\u0151 Durma AD-R 30135 t\u00edpus\u00fa CNC \u00e9lhajl\u00edt\u00f3hoz.<\/li>\n<\/ul>\nA beruh\u00e1z\u00e1ssal termel\u0151eszk\u00f6zeink korszer\u0171s\u00edt\u00e9s\u00e9nek \u00e9s \u00faj kapacit\u00e1sok ki\u00e9p\u00edt\u00e9s\u00e9nek \u00fajabb l\u00e9p\u00e9se val\u00f3sulhatott meg.\n\nA t\u00e1mogat\u00e1s forr\u00e1s\u00e1t az Eur\u00f3pai Region\u00e1lis Fejleszt\u00e9si Alap \u00e9s Magyarorsz\u00e1g k\u00f6lts\u00e9gvet\u00e9se t\u00e1rsfinansz\u00edroz\u00e1sban biztos\u00edtja.\n\n<strong>T\u00e1mogat\u00f3 megnevez\u00e9se:<\/strong> Eur\u00f3pai Uni\u00f3 \u00e9s a Magyar \u00c1llam\n\n<strong>Megval\u00f3s\u00edt\u00e1s helye:<\/strong> 2220 Vecs\u00e9s, D\u00f3zsa Gy\u00f6rgy u 86.\n\n<strong>A projekt megval\u00f3s\u00edt\u00e1si id\u0151szaka:<\/strong> 2020.06.29.-2020.12.29.\t\t\t\t\t\t\t\t<\/div>\n\t\t\t\t<\/div>\n\t\t\t\t\t<\/div>\n\t\t<\/div>\n\t\t\t\t\t<\/div>\n\t\t<\/section>\n\t\t\t\t<div class=\"elementor-section elementor-top-section elementor-element elementor-element-05027b4 elementor-section-full_width elementor-section-stretched elementor-section-height-default elementor-section-height-default\" data-id=\"05027b4\" data-element_type=\"section\" data-settings=\"{&quot;stretch_section&quot;:&quot;section-stretched&quot;,&quot;motion_fx_motion_fx_scrolling&quot;:&quot;yes&quot;,&quot;motion_fx_range&quot;:&quot;page&quot;,&quot;sticky&quot;:&quot;bottom&quot;,&quot;motion_fx_devices&quot;:[&quot;desktop&quot;,&quot;tablet&quot;,&quot;mobile&quot;],&quot;sticky_on&quot;:[&quot;desktop&quot;,&quot;tablet&quot;,&quot;mobile&quot;],&quot;sticky_offset&quot;:0,&quot;sticky_effects_offset&quot;:0,&quot;sticky_anchor_link_offset&quot;:0}\">\n\t\t\t\t\t\t<div class=\"elementor-container elementor-column-gap-default\">\n\t\t\t\t\t<div class=\"elementor-column elementor-col-100 elementor-top-column elementor-element elementor-element-45aaf0c\" data-id=\"45aaf0c\" data-element_type=\"column\">\n\t\t\t<div class=\"elementor-widget-wrap elementor-element-populated\">\n\t\t\t\t\t\t<div class=\"elementor-element elementor-element-8ed03ad elementor-fixed elementor-widget elementor-widget-image\" data-id=\"8ed03ad\" data-element_type=\"widget\" data-settings=\"{&quot;_position&quot;:&quot;fixed&quot;}\" data-widget_type=\"image.default\">\n\t\t\t\t<div class=\"elementor-widget-container\">\n\t\t\t\t\t\t\t\t\t\t\t\t\t\t\t\t<a href=\"http:\/\/foldfem.hu\/en\/vekop-palyazat\/\">\n\t\t\t\t\t\t\t<img fetchpriority=\"high\" decoding=\"async\" width=\"285\" height=\"200\" src=\"http:\/\/foldfem.hu\/wp-content\/uploads\/2021\/11\/foldfem_szechenyi_2020_infoblokk.png\" class=\"attachment-large size-large wp-image-1425\" alt=\"\" \/>\t\t\t\t\t\t\t\t<\/a>\n\t\t\t\t\t\t\t\t\t\t\t\t\t\t\t<\/div>\n\t\t\t\t<\/div>\n\t\t\t\t\t<\/div>\n\t\t<\/div>\n\t\t\t\t\t<\/div>\n\t\t<\/div>\n\t\t\t\t<section class=\"elementor-section elementor-top-section elementor-element elementor-element-19db696 elementor-section-boxed elementor-section-height-default elementor-section-height-default\" data-id=\"19db696\" data-element_type=\"section\">\n\t\t\t\t\t\t<div class=\"elementor-container elementor-column-gap-default\">\n\t\t\t\t\t<div class=\"elementor-column elementor-col-100 elementor-top-column elementor-element elementor-element-0db7099\" data-id=\"0db7099\" data-element_type=\"column\">\n\t\t\t<div class=\"elementor-widget-wrap elementor-element-populated\">\n\t\t\t\t\t\t<div class=\"elementor-element elementor-element-1fb940c elementor-widget elementor-widget-heading\" data-id=\"1fb940c\" data-element_type=\"widget\" data-widget_type=\"heading.default\">\n\t\t\t\t<div class=\"elementor-widget-container\">\n\t\t\t\t\t<h2 class=\"elementor-heading-title elementor-size-default\">SAJT\u00d3K\u00d6ZLEM\u00c9NY - KOMPLEX TERMEL\u00c9STECHNOL\u00d3GIAI FEJLESZT\u00c9S A F\u00d6LDF\u00c9M KFT.-N\u00c9L<\/h2>\t\t\t\t<\/div>\n\t\t\t\t<\/div>\n\t\t\t\t<div class=\"elementor-element elementor-element-c8af7e1 elementor-widget elementor-widget-image\" data-id=\"c8af7e1\" data-element_type=\"widget\" data-widget_type=\"image.default\">\n\t\t\t\t<div class=\"elementor-widget-container\">\n\t\t\t\t\t\t\t\t\t\t\t\t\t\t\t<img decoding=\"async\" width=\"900\" height=\"591\" src=\"http:\/\/foldfem.hu\/wp-content\/uploads\/2024\/07\/vekop_1_2_1_16_2016_00200_c_fekvo_nyomdai.png\" class=\"attachment-full size-full wp-image-1513\" alt=\"\" srcset=\"http:\/\/foldfem.hu\/wp-content\/uploads\/2024\/07\/vekop_1_2_1_16_2016_00200_c_fekvo_nyomdai.png 900w, http:\/\/foldfem.hu\/wp-content\/uploads\/2024\/07\/vekop_1_2_1_16_2016_00200_c_fekvo_nyomdai-300x197.png 300w, http:\/\/foldfem.hu\/wp-content\/uploads\/2024\/07\/vekop_1_2_1_16_2016_00200_c_fekvo_nyomdai-768x504.png 768w\" sizes=\"(max-width: 900px) 100vw, 900px\" \/>\t\t\t\t\t\t\t\t\t\t\t\t\t\t\t<\/div>\n\t\t\t\t<\/div>\n\t\t\t\t<div class=\"elementor-element elementor-element-08d8ae5 elementor-widget elementor-widget-text-editor\" data-id=\"08d8ae5\" data-element_type=\"widget\" data-widget_type=\"text-editor.default\">\n\t\t\t\t<div class=\"elementor-widget-container\">\n\t\t\t\t\t\t\t\t\t<p><strong>A F\u00f6ldf\u00e9m Kft. a Sz\u00e9chenyi2020 program VEKOP-1.2.1-16 p\u00e1ly\u00e1zati ki\u00edr\u00e1s keretei k\u00f6z\u00f6tt 23,37 milli\u00f3 Ft vissza nem t\u00e9r\u00edtend\u0151 t\u00e1mogat\u00e1st nyert el termel\u00e9si \u00e9s anyagmozgat\u00e1si eszk\u00f6z\u00f6k beszerz\u00e9s\u00e9re.<\/strong><\/p><p>T\u00e1rsas\u00e1gunk 1989-ben alakult \u00e9s 1992 \u00f3ta foglalkozik a t\u0171z- \u00e9s robban\u00e1svesz\u00e9lyes k\u00f6rnyezetben alkalmazott biztons\u00e1gi szerelv\u00e9nyek gy\u00e1rt\u00e1s\u00e1val. Az elm\u00falt k\u00e9t \u00e9vtizedben jelent\u0151s m\u0171szaki, technikai \u00e9s technol\u00f3giai fejleszt\u00e9sek t\u00f6rt\u00e9ntek mind a szerelv\u00e9nyeink\u00a0 alkalmazhat\u00f3s\u00e1g\u00e1nak kib\u0151v\u00edt\u00e9se, mind a gy\u00e1rt\u00e1si \u00e9s vizsg\u00e1lati elj\u00e1r\u00e1sok ter\u00e9n. Napjainkban m\u00e1r nem csak kiz\u00e1r\u00f3lag benzink\u00fat technikai szerelv\u00e9nyeket gy\u00e1rt a c\u00e9g, hanem nagyobb strat\u00e9giai t\u00e1rol\u00f3 telepeken \u00e9s a vegyiparban is alkalmazz\u00e1k az id\u0151k\u00f6zben specializ\u00e1l\u00f3dott szerelv\u00e9nyeinket. Jelenleg tev\u00e9kenys\u00e9g\u00e9t k\u00e9t saj\u00e1t tulajdon\u00fa telephely\u00e9n, Vecs\u00e9sen \u00e9s Pilisen l\u00e1tja el.<\/p><p>A VEKOP-1.2.1-16-2016-00200 t\u00e1mogat\u00e1si azonos\u00edt\u00f3 sz\u00e1m\u00fa projekt keretei k\u00f6z\u00f6tt c\u00e9g\u00fcnk a k\u00f6vetkez\u0151 eszk\u00f6z\u00f6ket szerezte be:<\/p><ul><li>Pilous ARG400 plus S.A.F. f\u00e9lautomata vez\u00e9rl\u00e9s\u0171, hidraulikus el\u0151tol\u00e1sos szalagf\u0171r\u00e9szg\u00e9p 1 db<\/li><li>X6332Z mar\u00f3g\u00e9p 1 db<\/li><li>C6250Cx2000 \u00e9s C6266Cx3000 cs\u00facseszterg\u00e1k (1-1 db)<\/li><li>KEMPPI FASTMIG M420 (4 db) \u00e9s Kemppi Mastertig 4000 MLS W (2 db) fogy\u00f3elektr\u00f3d\u00e1s hegeszt\u0151g\u00e9pek<\/li><li>S28 Professional Extreme 750 plazma nitrid\u00e1lt hegeszt\u0151 asztal 1 db<\/li><li>EJC 214 elektromos gyalogk\u00eds\u00e9ret\u0171 targonca 1 db<\/li><li>DFG 430 d\u00edzel \u00fczem\u0171 homlokvill\u00e1s targonca 1 db<\/li><\/ul><p>A projekt teljes beker\u00fcl\u00e9si \u00f6sszege 42,5 milli\u00f3 Ft, melyhez 23,37 milli\u00f3 Ft vissza nem t\u00e9r\u00edtend\u0151 t\u00e1mogat\u00e1st nyert el t\u00e1rsas\u00e1gunk.<\/p><p>A projekt megval\u00f3s\u00edt\u00e1si id\u0151szaka 2017. febru\u00e1r 08-t\u00f3l 2018. janu\u00e1r 24-ig tartott.<\/p><p>A beruh\u00e1z\u00e1snak k\u00f6sz\u00f6nhet\u0151en a v\u00e1llalat tov\u00e1bbi 2 \u00faj munkahelyet teremt.<\/p><p>A projekttel kapcsolatosan b\u0151vebb inform\u00e1ci\u00f3 az al\u00e1bbi el\u00e9rhet\u0151s\u00e9geken kaphat\u00f3:<br \/>F\u00f6ldi K\u00e1roly \u00fcgyvezet\u0151<br \/>Tel.: 06-29\/ 350-155<br \/>E-mail: foldfem@foldfem.hu<\/p>\t\t\t\t\t\t\t\t<\/div>\n\t\t\t\t<\/div>\n\t\t\t\t<div class=\"elementor-element elementor-element-4731471 elementor-widget elementor-widget-image\" data-id=\"4731471\" data-element_type=\"widget\" data-widget_type=\"image.default\">\n\t\t\t\t<div class=\"elementor-widget-container\">\n\t\t\t\t\t\t\t\t\t\t\t\t\t\t\t<img decoding=\"async\" width=\"1024\" height=\"768\" src=\"http:\/\/foldfem.hu\/wp-content\/uploads\/2024\/07\/Hegesztogepek_MXF65_1.jpg\" class=\"attachment-large size-large wp-image-1501\" alt=\"\" srcset=\"http:\/\/foldfem.hu\/wp-content\/uploads\/2024\/07\/Hegesztogepek_MXF65_1.jpg 1024w, http:\/\/foldfem.hu\/wp-content\/uploads\/2024\/07\/Hegesztogepek_MXF65_1-300x225.jpg 300w, http:\/\/foldfem.hu\/wp-content\/uploads\/2024\/07\/Hegesztogepek_MXF65_1-768x576.jpg 768w\" sizes=\"(max-width: 1024px) 100vw, 1024px\" \/>\t\t\t\t\t\t\t\t\t\t\t\t\t\t\t<\/div>\n\t\t\t\t<\/div>\n\t\t\t\t<div class=\"elementor-element elementor-element-e286a04 elementor-widget elementor-widget-image\" data-id=\"e286a04\" data-element_type=\"widget\" data-widget_type=\"image.default\">\n\t\t\t\t<div class=\"elementor-widget-container\">\n\t\t\t\t\t\t\t\t\t\t\t\t\t\t\t<img loading=\"lazy\" decoding=\"async\" width=\"1024\" height=\"768\" src=\"http:\/\/foldfem.hu\/wp-content\/uploads\/2024\/07\/Esztergagepek_C6266C_3000_1.jpg\" class=\"attachment-large size-large wp-image-1500\" alt=\"\" srcset=\"http:\/\/foldfem.hu\/wp-content\/uploads\/2024\/07\/Esztergagepek_C6266C_3000_1.jpg 1024w, http:\/\/foldfem.hu\/wp-content\/uploads\/2024\/07\/Esztergagepek_C6266C_3000_1-300x225.jpg 300w, http:\/\/foldfem.hu\/wp-content\/uploads\/2024\/07\/Esztergagepek_C6266C_3000_1-768x576.jpg 768w\" sizes=\"(max-width: 1024px) 100vw, 1024px\" \/>\t\t\t\t\t\t\t\t\t\t\t\t\t\t\t<\/div>\n\t\t\t\t<\/div>\n\t\t\t\t<div class=\"elementor-element elementor-element-e90df95 elementor-widget elementor-widget-image\" data-id=\"e90df95\" data-element_type=\"widget\" data-widget_type=\"image.default\">\n\t\t\t\t<div class=\"elementor-widget-container\">\n\t\t\t\t\t\t\t\t\t\t\t\t\t\t\t<img loading=\"lazy\" decoding=\"async\" width=\"1024\" height=\"768\" src=\"http:\/\/foldfem.hu\/wp-content\/uploads\/2024\/07\/Pilous-ARG400_1.jpg\" class=\"attachment-large size-large wp-image-1499\" alt=\"\" srcset=\"http:\/\/foldfem.hu\/wp-content\/uploads\/2024\/07\/Pilous-ARG400_1.jpg 1024w, http:\/\/foldfem.hu\/wp-content\/uploads\/2024\/07\/Pilous-ARG400_1-300x225.jpg 300w, http:\/\/foldfem.hu\/wp-content\/uploads\/2024\/07\/Pilous-ARG400_1-768x576.jpg 768w\" sizes=\"(max-width: 1024px) 100vw, 1024px\" \/>\t\t\t\t\t\t\t\t\t\t\t\t\t\t\t<\/div>\n\t\t\t\t<\/div>\n\t\t\t\t<div class=\"elementor-element elementor-element-e3842fe elementor-widget elementor-widget-image\" data-id=\"e3842fe\" data-element_type=\"widget\" data-widget_type=\"image.default\">\n\t\t\t\t<div class=\"elementor-widget-container\">\n\t\t\t\t\t\t\t\t\t\t\t\t\t\t\t<img loading=\"lazy\" decoding=\"async\" width=\"1024\" height=\"768\" src=\"http:\/\/foldfem.hu\/wp-content\/uploads\/2024\/07\/Marogep_X6332ZX_3.jpg\" class=\"attachment-large size-large wp-image-1498\" alt=\"\" srcset=\"http:\/\/foldfem.hu\/wp-content\/uploads\/2024\/07\/Marogep_X6332ZX_3.jpg 1024w, http:\/\/foldfem.hu\/wp-content\/uploads\/2024\/07\/Marogep_X6332ZX_3-300x225.jpg 300w, http:\/\/foldfem.hu\/wp-content\/uploads\/2024\/07\/Marogep_X6332ZX_3-768x576.jpg 768w\" sizes=\"(max-width: 1024px) 100vw, 1024px\" \/>\t\t\t\t\t\t\t\t\t\t\t\t\t\t\t<\/div>\n\t\t\t\t<\/div>\n\t\t\t\t<div class=\"elementor-element elementor-element-897d635 elementor-widget elementor-widget-image\" data-id=\"897d635\" data-element_type=\"widget\" data-widget_type=\"image.default\">\n\t\t\t\t<div class=\"elementor-widget-container\">\n\t\t\t\t\t\t\t\t\t\t\t\t\t\t\t<img loading=\"lazy\" decoding=\"async\" width=\"1024\" height=\"768\" src=\"http:\/\/foldfem.hu\/wp-content\/uploads\/2024\/07\/Siegmund-hegesztoasztal_1.jpg\" class=\"attachment-large size-large wp-image-1497\" alt=\"\" srcset=\"http:\/\/foldfem.hu\/wp-content\/uploads\/2024\/07\/Siegmund-hegesztoasztal_1.jpg 1024w, http:\/\/foldfem.hu\/wp-content\/uploads\/2024\/07\/Siegmund-hegesztoasztal_1-300x225.jpg 300w, http:\/\/foldfem.hu\/wp-content\/uploads\/2024\/07\/Siegmund-hegesztoasztal_1-768x576.jpg 768w\" sizes=\"(max-width: 1024px) 100vw, 1024px\" \/>\t\t\t\t\t\t\t\t\t\t\t\t\t\t\t<\/div>\n\t\t\t\t<\/div>\n\t\t\t\t<div class=\"elementor-element elementor-element-a4e925b elementor-widget elementor-widget-image\" data-id=\"a4e925b\" data-element_type=\"widget\" data-widget_type=\"image.default\">\n\t\t\t\t<div class=\"elementor-widget-container\">\n\t\t\t\t\t\t\t\t\t\t\t\t\t\t\t<img loading=\"lazy\" decoding=\"async\" width=\"1024\" height=\"598\" src=\"http:\/\/foldfem.hu\/wp-content\/uploads\/2024\/07\/Esztergagepek_C6250C_2000_3.jpg\" class=\"attachment-large size-large wp-image-1496\" alt=\"\" srcset=\"http:\/\/foldfem.hu\/wp-content\/uploads\/2024\/07\/Esztergagepek_C6250C_2000_3.jpg 1024w, http:\/\/foldfem.hu\/wp-content\/uploads\/2024\/07\/Esztergagepek_C6250C_2000_3-300x175.jpg 300w, http:\/\/foldfem.hu\/wp-content\/uploads\/2024\/07\/Esztergagepek_C6250C_2000_3-768x449.jpg 768w\" sizes=\"(max-width: 1024px) 100vw, 1024px\" \/>\t\t\t\t\t\t\t\t\t\t\t\t\t\t\t<\/div>\n\t\t\t\t<\/div>\n\t\t\t\t<div class=\"elementor-element elementor-element-6c71638 elementor-widget elementor-widget-image\" data-id=\"6c71638\" data-element_type=\"widget\" data-widget_type=\"image.default\">\n\t\t\t\t<div class=\"elementor-widget-container\">\n\t\t\t\t\t\t\t\t\t\t\t\t\t\t\t<img loading=\"lazy\" decoding=\"async\" width=\"1024\" height=\"768\" src=\"http:\/\/foldfem.hu\/wp-content\/uploads\/2024\/07\/Hegesztogepek_MLS4000_3.jpg\" class=\"attachment-large size-large wp-image-1495\" alt=\"\" srcset=\"http:\/\/foldfem.hu\/wp-content\/uploads\/2024\/07\/Hegesztogepek_MLS4000_3.jpg 1024w, http:\/\/foldfem.hu\/wp-content\/uploads\/2024\/07\/Hegesztogepek_MLS4000_3-300x225.jpg 300w, http:\/\/foldfem.hu\/wp-content\/uploads\/2024\/07\/Hegesztogepek_MLS4000_3-768x576.jpg 768w\" sizes=\"(max-width: 1024px) 100vw, 1024px\" \/>\t\t\t\t\t\t\t\t\t\t\t\t\t\t\t<\/div>\n\t\t\t\t<\/div>\n\t\t\t\t<div class=\"elementor-element elementor-element-a39ca8c elementor-widget elementor-widget-image\" data-id=\"a39ca8c\" data-element_type=\"widget\" data-widget_type=\"image.default\">\n\t\t\t\t<div class=\"elementor-widget-container\">\n\t\t\t\t\t\t\t\t\t\t\t\t\t\t\t<img loading=\"lazy\" decoding=\"async\" width=\"600\" height=\"800\" src=\"http:\/\/foldfem.hu\/wp-content\/uploads\/2024\/07\/Jungheinrich-EJC214_3.jpg\" class=\"attachment-large size-large wp-image-1494\" alt=\"\" srcset=\"http:\/\/foldfem.hu\/wp-content\/uploads\/2024\/07\/Jungheinrich-EJC214_3.jpg 600w, http:\/\/foldfem.hu\/wp-content\/uploads\/2024\/07\/Jungheinrich-EJC214_3-225x300.jpg 225w\" sizes=\"(max-width: 600px) 100vw, 600px\" \/>\t\t\t\t\t\t\t\t\t\t\t\t\t\t\t<\/div>\n\t\t\t\t<\/div>\n\t\t\t\t<div class=\"elementor-element elementor-element-79863ab elementor-widget elementor-widget-image\" data-id=\"79863ab\" data-element_type=\"widget\" data-widget_type=\"image.default\">\n\t\t\t\t<div class=\"elementor-widget-container\">\n\t\t\t\t\t\t\t\t\t\t\t\t\t\t\t<img loading=\"lazy\" decoding=\"async\" width=\"1024\" height=\"768\" src=\"http:\/\/foldfem.hu\/wp-content\/uploads\/2024\/07\/DFG430_1.jpg\" class=\"attachment-large size-large wp-image-1493\" alt=\"\" srcset=\"http:\/\/foldfem.hu\/wp-content\/uploads\/2024\/07\/DFG430_1.jpg 1024w, http:\/\/foldfem.hu\/wp-content\/uploads\/2024\/07\/DFG430_1-300x225.jpg 300w, http:\/\/foldfem.hu\/wp-content\/uploads\/2024\/07\/DFG430_1-768x576.jpg 768w\" sizes=\"(max-width: 1024px) 100vw, 1024px\" \/>\t\t\t\t\t\t\t\t\t\t\t\t\t\t\t<\/div>\n\t\t\t\t<\/div>\n\t\t\t\t\t<\/div>\n\t\t<\/div>\n\t\t\t\t\t<\/div>\n\t\t<\/section>\n\t\t\t\t<\/div>","protected":false},"excerpt":{"rendered":"<p>p\u00e1ly\u00e1zat Termel\u00e9stechnol\u00f3giai fejleszt\u00e9sek, ingatlan korszer\u0171s\u00edt\u00e9s \u00e9s -b\u0151v\u00edt\u00e9s a F\u00f6ldf\u00e9m Kft-n\u00e9l V\u00e1llalkoz\u00e1sunk a VEKOP-1.2.6-20 k\u00f3dsz\u00e1m\u00fa, \u201eA mikro-, kis- \u00e9s k\u00f6z\u00e9pv\u00e1llalkoz\u00e1sok modern \u00fczleti \u00e9s termel\u00e9si kih\u00edv\u00e1sokhoz val\u00f3 alkalmazkod\u00e1s\u00e1t seg\u00edt\u0151 fejleszt\u00e9sek t\u00e1mogat\u00e1sa\u201d c\u00edm\u0171 t\u00e1mogat\u00e1si konstrukci\u00f3 keretei k\u00f6z\u00f6tt 53 milli\u00f3 Ft visszat\u00e9r\u00edtend\u0151 t\u00e1mogat\u00e1st nyert el termel\u0151eszk\u00f6z\u00f6k beszerz\u00e9s\u00e9re \u00e9s ingatlan korszer\u0171s\u00edt\u00e9sre. Kedvezm\u00e9nyezett neve: F\u00f6ldf\u00e9m G\u00e9pgy\u00e1rt\u00f3 \u00e9s Jav\u00edt\u00f3 Kft. A projekt [&hellip;]<\/p>","protected":false},"author":1,"featured_media":0,"parent":0,"menu_order":0,"comment_status":"closed","ping_status":"closed","template":"","meta":{"inline_featured_image":false,"ocean_post_layout":"","ocean_both_sidebars_style":"","ocean_both_sidebars_content_width":0,"ocean_both_sidebars_sidebars_width":0,"ocean_sidebar":"0","ocean_second_sidebar":"0","ocean_disable_margins":"enable","ocean_add_body_class":"","ocean_shortcode_before_top_bar":"","ocean_shortcode_after_top_bar":"","ocean_shortcode_before_header":"","ocean_shortcode_after_header":"","ocean_has_shortcode":"","ocean_shortcode_after_title":"","ocean_shortcode_before_footer_widgets":"","ocean_shortcode_after_footer_widgets":"","ocean_shortcode_before_footer_bottom":"","ocean_shortcode_after_footer_bottom":"","ocean_display_top_bar":"default","ocean_display_header":"default","ocean_header_style":"","ocean_center_header_left_menu":"0","ocean_custom_header_template":"0","ocean_custom_logo":0,"ocean_custom_retina_logo":0,"ocean_custom_logo_max_width":0,"ocean_custom_logo_tablet_max_width":0,"ocean_custom_logo_mobile_max_width":0,"ocean_custom_logo_max_height":0,"ocean_custom_logo_tablet_max_height":0,"ocean_custom_logo_mobile_max_height":0,"ocean_header_custom_menu":"0","ocean_menu_typo_font_family":"0","ocean_menu_typo_font_subset":"","ocean_menu_typo_font_size":0,"ocean_menu_typo_font_size_tablet":0,"ocean_menu_typo_font_size_mobile":0,"ocean_menu_typo_font_size_unit":"px","ocean_menu_typo_font_weight":"","ocean_menu_typo_font_weight_tablet":"","ocean_menu_typo_font_weight_mobile":"","ocean_menu_typo_transform":"","ocean_menu_typo_transform_tablet":"","ocean_menu_typo_transform_mobile":"","ocean_menu_typo_line_height":0,"ocean_menu_typo_line_height_tablet":0,"ocean_menu_typo_line_height_mobile":0,"ocean_menu_typo_line_height_unit":"","ocean_menu_typo_spacing":0,"ocean_menu_typo_spacing_tablet":0,"ocean_menu_typo_spacing_mobile":0,"ocean_menu_typo_spacing_unit":"","ocean_menu_link_color":"","ocean_menu_link_color_hover":"","ocean_menu_link_color_active":"","ocean_menu_link_background":"","ocean_menu_link_hover_background":"","ocean_menu_link_active_background":"","ocean_menu_social_links_bg":"","ocean_menu_social_hover_links_bg":"","ocean_menu_social_links_color":"","ocean_menu_social_hover_links_color":"","ocean_disable_title":"default","ocean_disable_heading":"default","ocean_post_title":"","ocean_post_subheading":"","ocean_post_title_style":"","ocean_post_title_background_color":"","ocean_post_title_background":0,"ocean_post_title_bg_image_position":"","ocean_post_title_bg_image_attachment":"","ocean_post_title_bg_image_repeat":"","ocean_post_title_bg_image_size":"","ocean_post_title_height":0,"ocean_post_title_bg_overlay":0.5,"ocean_post_title_bg_overlay_color":"","ocean_disable_breadcrumbs":"default","ocean_breadcrumbs_color":"","ocean_breadcrumbs_separator_color":"","ocean_breadcrumbs_links_color":"","ocean_breadcrumbs_links_hover_color":"","ocean_display_footer_widgets":"default","ocean_display_footer_bottom":"default","ocean_custom_footer_template":"0","footnotes":""},"class_list":["post-1490","page","type-page","status-publish","hentry","entry"],"_links":{"self":[{"href":"http:\/\/foldfem.hu\/en\/wp-json\/wp\/v2\/pages\/1490","targetHints":{"allow":["GET"]}}],"collection":[{"href":"http:\/\/foldfem.hu\/en\/wp-json\/wp\/v2\/pages"}],"about":[{"href":"http:\/\/foldfem.hu\/en\/wp-json\/wp\/v2\/types\/page"}],"author":[{"embeddable":true,"href":"http:\/\/foldfem.hu\/en\/wp-json\/wp\/v2\/users\/1"}],"replies":[{"embeddable":true,"href":"http:\/\/foldfem.hu\/en\/wp-json\/wp\/v2\/comments?post=1490"}],"version-history":[{"count":0,"href":"http:\/\/foldfem.hu\/en\/wp-json\/wp\/v2\/pages\/1490\/revisions"}],"wp:attachment":[{"href":"http:\/\/foldfem.hu\/en\/wp-json\/wp\/v2\/media?parent=1490"}],"curies":[{"name":"wp","href":"https:\/\/api.w.org\/{rel}","templated":true}]}}